{"id":1242,"date":"2020-05-17T10:48:34","date_gmt":"2020-05-17T15:48:34","guid":{"rendered":"https:\/\/www.carlyleconstruction.ca\/?page_id=1242"},"modified":"2024-09-10T15:02:48","modified_gmt":"2024-09-10T20:02:48","slug":"revivre-lamenagement-paysager","status":"publish","type":"page","link":"https:\/\/carlyleconstruction.ca\/fr\/re-vive-landscaping\/","title":{"rendered":"Re-Vive Paysagiste"},"content":{"rendered":"<div data-elementor-type=\"wp-page\" data-elementor-id=\"1242\" class=\"elementor elementor-1242\" data-elementor-post-type=\"page\">\n\t\t\t\t\t\t<section class=\"elementor-section elementor-top-section elementor-element elementor-element-058e1e6 elementor-section-full_width elementor-section-height-default elementor-section-height-default\" data-id=\"058e1e6\" data-element_type=\"section\" data-e-type=\"section\">\n\t\t\t\t\t\t<div class=\"elementor-container elementor-column-gap-default\">\n\t\t\t\t\t<div class=\"elementor-column elementor-col-100 elementor-top-column elementor-element elementor-element-357a503\" data-id=\"357a503\" data-element_type=\"column\" data-e-type=\"column\">\n\t\t\t<div class=\"elementor-widget-wrap elementor-element-populated\">\n\t\t\t\t\t\t<div class=\"elementor-element elementor-element-ebc41fc elementor-widget elementor-widget-image\" data-id=\"ebc41fc\" data-element_type=\"widget\" data-e-type=\"widget\" data-widget_type=\"image.default\">\n\t\t\t\t<div class=\"elementor-widget-container\">\n\t\t\t\t\t\t\t\t\t\t\t\t\t\t\t<img fetchpriority=\"high\" decoding=\"async\" width=\"1200\" height=\"800\" src=\"https:\/\/carlyleconstruction.ca\/wp-content\/uploads\/2021\/01\/Landscaping-Sketch-1.1.jpg\" class=\"attachment-full size-full wp-image-1963\" alt=\"landscaping design\" srcset=\"https:\/\/carlyleconstruction.ca\/wp-content\/uploads\/2021\/01\/Landscaping-Sketch-1.1.jpg 1200w, https:\/\/carlyleconstruction.ca\/wp-content\/uploads\/2021\/01\/Landscaping-Sketch-1.1-300x200.jpg 300w, https:\/\/carlyleconstruction.ca\/wp-content\/uploads\/2021\/01\/Landscaping-Sketch-1.1-1024x683.jpg 1024w, https:\/\/carlyleconstruction.ca\/wp-content\/uploads\/2021\/01\/Landscaping-Sketch-1.1-768x512.jpg 768w, https:\/\/carlyleconstruction.ca\/wp-content\/uploads\/2021\/01\/Landscaping-Sketch-1.1-600x400.jpg 600w\" sizes=\"(max-width: 1200px) 100vw, 1200px\" \/>\t\t\t\t\t\t\t\t\t\t\t\t\t\t\t<\/div>\n\t\t\t\t<\/div>\n\t\t\t\t<div class=\"elementor-element elementor-element-06da870 elementor-widget elementor-widget-heading\" data-id=\"06da870\" data-element_type=\"widget\" data-e-type=\"widget\" data-widget_type=\"heading.default\">\n\t\t\t\t<div class=\"elementor-widget-container\">\n\t\t\t\t\t<h2 class=\"elementor-heading-title elementor-size-default\">Re-Vive Paysagiste<\/h2>\t\t\t\t<\/div>\n\t\t\t\t<\/div>\n\t\t\t\t<div class=\"elementor-element elementor-element-08f3609 elementor-widget elementor-widget-text-editor\" data-id=\"08f3609\" data-element_type=\"widget\" data-e-type=\"widget\" data-widget_type=\"text-editor.default\">\n\t\t\t\t<div class=\"elementor-widget-container\">\n\t\t\t\t\t\t\t\t\t<p>Re-Vive Landscaping donne vie aux jardins, terrasses, all\u00e9es, entr\u00e9es, ruelles, patios, couloirs, etc., que nos clients aiment et appr\u00e9cient.<\/p>\n<p>\u00c0 mesure que notre mode de vie \u00e9volue et que nous passons plus de temps \u00e0 la maison, un am\u00e9nagement paysager raffin\u00e9 devient rapidement un \u00e9l\u00e9ment privil\u00e9gi\u00e9 pour les acheteurs et les locataires. Il se trouve \u00e9galement qu\u2019il offre l\u2019un des retours sur investissement (ROI) les plus \u00e9lev\u00e9s au <a href=\"http:\/\/www.capital-b.ca\" target=\"_blank\" rel=\"noopener noreferrer nofollow\">valeur de votre propri\u00e9t\u00e9<\/a> quand c'est bien fait.<\/p>\n<p><!-- \/wp:paragraph --><\/p>\n<p><!-- wp:paragraph -->Tout le monde valorise son style de vie. Les espaces verts enthousiasment les gens, rassemblent familles et amis. Ils cr\u00e9ent une oasis de vie et de fra\u00eecheur dans la ville. Chose qui devient rare dans les m\u00e9tropoles. C\u2019est un luxe pour lequel les gens sont pr\u00eats \u00e0 payer le prix fort.<\/p>\n<p>Lorsque vous envisagez d\u2019ajouter de la valeur \u00e0 votre propri\u00e9t\u00e9 et \u00e0 votre style de vie, il est important de penser \u00e0 l\u2019entretien. Un bon am\u00e9nagement paysager est magnifique une fois install\u00e9. Excellent am\u00e9nagement paysager, grandit avec vous et reste beau pendant de nombreuses ann\u00e9es.<\/p>\t\t\t\t\t\t\t\t<\/div>\n\t\t\t\t<\/div>\n\t\t\t\t\t<\/div>\n\t\t<\/div>\n\t\t\t\t\t<\/div>\n\t\t<\/section>\n\t\t\t\t<section class=\"elementor-section elementor-top-section elementor-element elementor-element-ebf7e0f elementor-section-full_width elementor-section-height-default elementor-section-height-default\" data-id=\"ebf7e0f\" data-element_type=\"section\" data-e-type=\"section\">\n\t\t\t\t\t\t<div class=\"elementor-container elementor-column-gap-default\">\n\t\t\t\t\t<div class=\"elementor-column elementor-col-50 elementor-top-column elementor-element elementor-element-2300364\" data-id=\"2300364\" data-element_type=\"column\" data-e-type=\"column\">\n\t\t\t<div class=\"elementor-widget-wrap elementor-element-populated\">\n\t\t\t\t\t\t<div class=\"elementor-element elementor-element-cc6b690 elementor-widget elementor-widget-image\" data-id=\"cc6b690\" data-element_type=\"widget\" data-e-type=\"widget\" data-widget_type=\"image.default\">\n\t\t\t\t<div class=\"elementor-widget-container\">\n\t\t\t\t\t\t\t\t\t\t\t\t\t\t\t<img decoding=\"async\" width=\"800\" height=\"534\" src=\"https:\/\/carlyleconstruction.ca\/wp-content\/uploads\/2021\/01\/Landscape-Backyard-1.1-1024x683.jpg\" class=\"attachment-large size-large wp-image-2031\" alt=\"am\u00e9nagement paysager marches et gazon, am\u00e9nagement paysager marches et gazon\" srcset=\"https:\/\/carlyleconstruction.ca\/wp-content\/uploads\/2021\/01\/Landscape-Backyard-1.1-1024x683.jpg 1024w, https:\/\/carlyleconstruction.ca\/wp-content\/uploads\/2021\/01\/Landscape-Backyard-1.1-300x200.jpg 300w, https:\/\/carlyleconstruction.ca\/wp-content\/uploads\/2021\/01\/Landscape-Backyard-1.1-768x512.jpg 768w, https:\/\/carlyleconstruction.ca\/wp-content\/uploads\/2021\/01\/Landscape-Backyard-1.1-600x400.jpg 600w, https:\/\/carlyleconstruction.ca\/wp-content\/uploads\/2021\/01\/Landscape-Backyard-1.1.jpg 1200w\" sizes=\"(max-width: 800px) 100vw, 800px\" \/>\t\t\t\t\t\t\t\t\t\t\t\t\t\t\t<\/div>\n\t\t\t\t<\/div>\n\t\t\t\t\t<\/div>\n\t\t<\/div>\n\t\t\t\t<div class=\"elementor-column elementor-col-50 elementor-top-column elementor-element elementor-element-7270ec4\" data-id=\"7270ec4\" data-element_type=\"column\" data-e-type=\"column\">\n\t\t\t<div class=\"elementor-widget-wrap elementor-element-populated\">\n\t\t\t\t\t\t<div class=\"elementor-element elementor-element-d466ea2 elementor-widget elementor-widget-image\" data-id=\"d466ea2\" data-element_type=\"widget\" data-e-type=\"widget\" data-widget_type=\"image.default\">\n\t\t\t\t<div class=\"elementor-widget-container\">\n\t\t\t\t\t\t\t\t\t\t\t\t\t\t\t<img decoding=\"async\" width=\"800\" height=\"534\" src=\"https:\/\/carlyleconstruction.ca\/wp-content\/uploads\/2021\/01\/Landscape-Garden-1.1-1024x683.jpg\" class=\"attachment-large size-large wp-image-1974\" alt=\"am\u00e9nagement jardin et fleurs\" srcset=\"https:\/\/carlyleconstruction.ca\/wp-content\/uploads\/2021\/01\/Landscape-Garden-1.1-1024x683.jpg 1024w, https:\/\/carlyleconstruction.ca\/wp-content\/uploads\/2021\/01\/Landscape-Garden-1.1-300x200.jpg 300w, https:\/\/carlyleconstruction.ca\/wp-content\/uploads\/2021\/01\/Landscape-Garden-1.1-768x512.jpg 768w, https:\/\/carlyleconstruction.ca\/wp-content\/uploads\/2021\/01\/Landscape-Garden-1.1-600x400.jpg 600w, https:\/\/carlyleconstruction.ca\/wp-content\/uploads\/2021\/01\/Landscape-Garden-1.1.jpg 1200w\" sizes=\"(max-width: 800px) 100vw, 800px\" \/>\t\t\t\t\t\t\t\t\t\t\t\t\t\t\t<\/div>\n\t\t\t\t<\/div>\n\t\t\t\t\t<\/div>\n\t\t<\/div>\n\t\t\t\t\t<\/div>\n\t\t<\/section>\n\t\t\t\t<section class=\"elementor-section elementor-top-section elementor-element elementor-element-74041ae elementor-section-full_width elementor-section-height-default elementor-section-height-default\" data-id=\"74041ae\" data-element_type=\"section\" data-e-type=\"section\">\n\t\t\t\t\t\t<div class=\"elementor-container elementor-column-gap-default\">\n\t\t\t\t\t<div class=\"elementor-column elementor-col-100 elementor-top-column elementor-element elementor-element-05808f7\" data-id=\"05808f7\" data-element_type=\"column\" data-e-type=\"column\">\n\t\t\t<div class=\"elementor-widget-wrap elementor-element-populated\">\n\t\t\t\t\t\t<div class=\"elementor-element elementor-element-ffdd89c elementor-widget elementor-widget-heading\" data-id=\"ffdd89c\" data-element_type=\"widget\" data-e-type=\"widget\" data-widget_type=\"heading.default\">\n\t\t\t\t<div class=\"elementor-widget-container\">\n\t\t\t\t\t<h3 class=\"elementor-heading-title elementor-size-default\">L\u2019art de l\u2019am\u00e9nagement paysager<\/h3>\t\t\t\t<\/div>\n\t\t\t\t<\/div>\n\t\t\t\t<div class=\"elementor-element elementor-element-3c892f8 elementor-widget elementor-widget-text-editor\" data-id=\"3c892f8\" data-element_type=\"widget\" data-e-type=\"widget\" data-widget_type=\"text-editor.default\">\n\t\t\t\t<div class=\"elementor-widget-container\">\n\t\t\t\t\t\t\t\t\t<p>Trouver le bon \u00e9quilibre en mati\u00e8re d\u2019am\u00e9nagement paysager est tout un art. De la conception d'un am\u00e9nagement fonctionnel au choix de la flore et des mat\u00e9riaux. Il faut beaucoup de connaissances et de passion pour cr\u00e9er un espace de vie qui s'embellit avec les ann\u00e9es. Et que vous pouvez en profiter, plut\u00f4t que d\u2019en \u00eatre l\u2019esclave.<\/p>\n<p>N\u2019exag\u00e9rez jamais votre am\u00e9nagement paysager. Les co\u00fbts d'entretien et de main d'\u0153uvre peuvent avoir des effets n\u00e9gatifs. En cons\u00e9quence, les propri\u00e9taires pourraient le n\u00e9gliger apr\u00e8s quelques ann\u00e9es et les acheteurs potentiels pourraient y r\u00e9fl\u00e9chir \u00e0 deux fois avant d\u2019y acheter.<\/p>\t\t\t\t\t\t\t\t<\/div>\n\t\t\t\t<\/div>\n\t\t\t\t<div class=\"elementor-element elementor-element-44bf8cd elementor-widget__width-inherit elementor-widget elementor-widget-image\" data-id=\"44bf8cd\" data-element_type=\"widget\" data-e-type=\"widget\" data-widget_type=\"image.default\">\n\t\t\t\t<div class=\"elementor-widget-container\">\n\t\t\t\t\t\t\t\t\t\t\t\t\t\t\t<img loading=\"lazy\" decoding=\"async\" src=\"https:\/\/carlyleconstruction.ca\/wp-content\/uploads\/2021\/01\/Landscape-1.1.jpg\" height=\"800\" width=\"1200\" srcset=\"https:\/\/carlyleconstruction.ca\/wp-content\/uploads\/2021\/01\/Landscape-1.1.jpg 1200w, https:\/\/carlyleconstruction.ca\/wp-content\/uploads\/2021\/01\/Landscape-1.1-300x200.jpg 300w, https:\/\/carlyleconstruction.ca\/wp-content\/uploads\/2021\/01\/Landscape-1.1-1024x683.jpg 1024w, https:\/\/carlyleconstruction.ca\/wp-content\/uploads\/2021\/01\/Landscape-1.1-768x512.jpg 768w, https:\/\/carlyleconstruction.ca\/wp-content\/uploads\/2021\/01\/Landscape-1.1-600x400.jpg 600w\" sizes=\"(max-width: 1200px) 100vw, 1200px\" class=\"attachment-full size-full wp-image-1969 sp-no-webp\" alt=\"landscaping, paysagisme\"> \t\t\t\t\t\t\t\t\t\t\t\t\t\t\t<\/div>\n\t\t\t\t<\/div>\n\t\t\t\t<div class=\"elementor-element elementor-element-06f8f31 elementor-widget elementor-widget-heading\" data-id=\"06f8f31\" data-element_type=\"widget\" data-e-type=\"widget\" data-widget_type=\"heading.default\">\n\t\t\t\t<div class=\"elementor-widget-container\">\n\t\t\t\t\t<h3 class=\"elementor-heading-title elementor-size-default\">Engagez un professionnel, revivez votre paysage<\/h3>\t\t\t\t<\/div>\n\t\t\t\t<\/div>\n\t\t\t\t<div class=\"elementor-element elementor-element-e11952f elementor-widget elementor-widget-text-editor\" data-id=\"e11952f\" data-element_type=\"widget\" data-e-type=\"widget\" data-widget_type=\"text-editor.default\">\n\t\t\t\t<div class=\"elementor-widget-container\">\n\t\t\t\t\t\t\t\t\t<p>Nous proposons des solutions personnalis\u00e9es. En commen\u00e7ant par une consultation pour d\u00e9terminer une solution adapt\u00e9e en fonction de vos besoins et de votre budget, nos designers imagineront le paysage de vos r\u00eaves. Ensuite, notre \u00e9quipe mettra la main \u00e0 la p\u00e2te pour le construire. Finalement, vous continuez \u00e0 en profiter.<\/p>\n<p>Lorsque vous choisissez Re-Vive Landscaping pour votre projet, vous obtenez le package complet. Nous offrons des services d'architecture, de conception et de construction. Nous avons l\u2019expertise n\u00e9cessaire pour vous aider \u00e0 choisir les bons mat\u00e9riaux, sols, arbustes, arbres, plantes vivaces et \u00e9quipements pour garder votre paysage en bon \u00e9tat pendant des ann\u00e9es tout en limitant l\u2019entretien.<\/p>\n<p><!-- \/wp:paragraph --><\/p>\n<p><!-- wp:paragraph -->Pour apprendre plus, <a href=\"https:\/\/carlyleconstruction.ca\/contact-us\/\">contact<\/a> nous pour une consultation.<\/p>\t\t\t\t\t\t\t\t<\/div>\n\t\t\t\t<\/div>\n\t\t\t\t\t<\/div>\n\t\t<\/div>\n\t\t\t\t\t<\/div>\n\t\t<\/section>\n\t\t\t\t<section class=\"elementor-section elementor-top-section elementor-element elementor-element-fbb3f4b elementor-section-full_width elementor-section-content-middle elementor-section-height-default elementor-section-height-default\" data-id=\"fbb3f4b\" data-element_type=\"section\" data-e-type=\"section\">\n\t\t\t\t\t\t<div class=\"elementor-container elementor-column-gap-default\">\n\t\t\t\t\t<div class=\"elementor-column elementor-col-66 elementor-top-column elementor-element elementor-element-43af963\" data-id=\"43af963\" data-element_type=\"column\" data-e-type=\"column\">\n\t\t\t<div class=\"elementor-widget-wrap elementor-element-populated\">\n\t\t\t\t\t\t<div class=\"elementor-element elementor-element-4d82ef3 elementor-widget elementor-widget-image\" data-id=\"4d82ef3\" data-element_type=\"widget\" data-e-type=\"widget\" data-widget_type=\"image.default\">\n\t\t\t\t<div class=\"elementor-widget-container\">\n\t\t\t\t\t\t\t\t\t\t\t\t\t\t\t<img loading=\"lazy\" decoding=\"async\" width=\"800\" height=\"534\" src=\"https:\/\/carlyleconstruction.ca\/wp-content\/uploads\/2021\/01\/Landscape-Pave-1.1-1024x683.jpg\" class=\"attachment-large size-large wp-image-2033\" alt=\"landscaping pave uni, am\u00e9nagement paysager\" srcset=\"https:\/\/carlyleconstruction.ca\/wp-content\/uploads\/2021\/01\/Landscape-Pave-1.1-1024x683.jpg 1024w, https:\/\/carlyleconstruction.ca\/wp-content\/uploads\/2021\/01\/Landscape-Pave-1.1-300x200.jpg 300w, https:\/\/carlyleconstruction.ca\/wp-content\/uploads\/2021\/01\/Landscape-Pave-1.1-768x512.jpg 768w, https:\/\/carlyleconstruction.ca\/wp-content\/uploads\/2021\/01\/Landscape-Pave-1.1-600x400.jpg 600w, https:\/\/carlyleconstruction.ca\/wp-content\/uploads\/2021\/01\/Landscape-Pave-1.1.jpg 1200w\" sizes=\"(max-width: 800px) 100vw, 800px\" \/>\t\t\t\t\t\t\t\t\t\t\t\t\t\t\t<\/div>\n\t\t\t\t<\/div>\n\t\t\t\t\t<\/div>\n\t\t<\/div>\n\t\t\t\t<div class=\"elementor-column elementor-col-33 elementor-top-column elementor-element elementor-element-f78c33f\" data-id=\"f78c33f\" data-element_type=\"column\" data-e-type=\"column\">\n\t\t\t<div class=\"elementor-widget-wrap elementor-element-populated\">\n\t\t\t\t\t\t<div class=\"elementor-element elementor-element-0fe4620 elementor-widget elementor-widget-image\" data-id=\"0fe4620\" data-element_type=\"widget\" data-e-type=\"widget\" data-widget_type=\"image.default\">\n\t\t\t\t<div class=\"elementor-widget-container\">\n\t\t\t\t\t\t\t\t\t\t\t\t\t\t\t<img loading=\"lazy\" decoding=\"async\" width=\"480\" height=\"720\" src=\"https:\/\/carlyleconstruction.ca\/wp-content\/uploads\/2021\/01\/Landscape-House-1.1-480x720.jpg\" class=\"attachment-large size-large wp-image-2032\" alt=\"landscaping garden, am\u00e9nagement paysager jardin\" srcset=\"https:\/\/carlyleconstruction.ca\/wp-content\/uploads\/2021\/01\/Landscape-House-1.1-480x720.jpg 480w, https:\/\/carlyleconstruction.ca\/wp-content\/uploads\/2021\/01\/Landscape-House-1.1-200x300.jpg 200w, https:\/\/carlyleconstruction.ca\/wp-content\/uploads\/2021\/01\/Landscape-House-1.1-768x1152.jpg 768w, https:\/\/carlyleconstruction.ca\/wp-content\/uploads\/2021\/01\/Landscape-House-1.1-600x900.jpg 600w, https:\/\/carlyleconstruction.ca\/wp-content\/uploads\/2021\/01\/Landscape-House-1.1.jpg 800w\" sizes=\"(max-width: 480px) 100vw, 480px\" \/>\t\t\t\t\t\t\t\t\t\t\t\t\t\t\t<\/div>\n\t\t\t\t<\/div>\n\t\t\t\t\t<\/div>\n\t\t<\/div>\n\t\t\t\t\t<\/div>\n\t\t<\/section>\n\t\t\t\t<section class=\"elementor-section elementor-top-section elementor-element elementor-element-3bab7ef elementor-section-full_width elementor-section-height-default elementor-section-height-default\" data-id=\"3bab7ef\" data-element_type=\"section\" data-e-type=\"section\">\n\t\t\t\t\t\t<div class=\"elementor-container elementor-column-gap-default\">\n\t\t\t\t\t<div class=\"elementor-column elementor-col-50 elementor-top-column elementor-element elementor-element-1afa952\" data-id=\"1afa952\" data-element_type=\"column\" data-e-type=\"column\">\n\t\t\t<div class=\"elementor-widget-wrap elementor-element-populated\">\n\t\t\t\t\t\t<div class=\"elementor-element elementor-element-906b86f elementor-widget elementor-widget-image\" data-id=\"906b86f\" data-element_type=\"widget\" data-e-type=\"widget\" data-widget_type=\"image.default\">\n\t\t\t\t<div class=\"elementor-widget-container\">\n\t\t\t\t\t\t\t\t\t\t\t\t\t\t\t<img loading=\"lazy\" decoding=\"async\" width=\"800\" height=\"534\" src=\"https:\/\/carlyleconstruction.ca\/wp-content\/uploads\/2021\/01\/Landscape-2.1-1024x683.jpg\" class=\"attachment-large size-large wp-image-2034\" alt=\"landscaping plants, am\u00e9nagement paysager plantes\" srcset=\"https:\/\/carlyleconstruction.ca\/wp-content\/uploads\/2021\/01\/Landscape-2.1-1024x683.jpg 1024w, https:\/\/carlyleconstruction.ca\/wp-content\/uploads\/2021\/01\/Landscape-2.1-300x200.jpg 300w, https:\/\/carlyleconstruction.ca\/wp-content\/uploads\/2021\/01\/Landscape-2.1-768x512.jpg 768w, https:\/\/carlyleconstruction.ca\/wp-content\/uploads\/2021\/01\/Landscape-2.1-600x400.jpg 600w, https:\/\/carlyleconstruction.ca\/wp-content\/uploads\/2021\/01\/Landscape-2.1.jpg 1200w\" sizes=\"(max-width: 800px) 100vw, 800px\" \/>\t\t\t\t\t\t\t\t\t\t\t\t\t\t\t<\/div>\n\t\t\t\t<\/div>\n\t\t\t\t\t<\/div>\n\t\t<\/div>\n\t\t\t\t<div class=\"elementor-column elementor-col-50 elementor-top-column elementor-element elementor-element-0c39ca7\" data-id=\"0c39ca7\" data-element_type=\"column\" data-e-type=\"column\">\n\t\t\t<div class=\"elementor-widget-wrap elementor-element-populated\">\n\t\t\t\t\t\t<div class=\"elementor-element elementor-element-d0d5d42 elementor-widget elementor-widget-image\" data-id=\"d0d5d42\" data-element_type=\"widget\" data-e-type=\"widget\" data-widget_type=\"image.default\">\n\t\t\t\t<div class=\"elementor-widget-container\">\n\t\t\t\t\t\t\t\t\t\t\t\t\t\t\t<img loading=\"lazy\" decoding=\"async\" src=\"https:\/\/carlyleconstruction.ca\/wp-content\/uploads\/2021\/01\/Landscape-Garden-1.1-1-1024x683.jpg\" height=\"534\" width=\"800\" srcset=\"https:\/\/carlyleconstruction.ca\/wp-content\/uploads\/2021\/01\/Landscape-Garden-1.1-1-1024x683.jpg 1024w, https:\/\/carlyleconstruction.ca\/wp-content\/uploads\/2021\/01\/Landscape-Garden-1.1-1-300x200.jpg 300w, https:\/\/carlyleconstruction.ca\/wp-content\/uploads\/2021\/01\/Landscape-Garden-1.1-1-768x512.jpg 768w, https:\/\/carlyleconstruction.ca\/wp-content\/uploads\/2021\/01\/Landscape-Garden-1.1-1-600x400.jpg 600w, https:\/\/carlyleconstruction.ca\/wp-content\/uploads\/2021\/01\/Landscape-Garden-1.1-1.jpg 1200w\" sizes=\"(max-width: 800px) 100vw, 800px\" class=\"attachment-large size-large wp-image-2035 sp-no-webp\" alt=\"landscaping light, am\u00e9nagement paysager, luminaire\"> \t\t\t\t\t\t\t\t\t\t\t\t\t\t\t<\/div>\n\t\t\t\t<\/div>\n\t\t\t\t\t<\/div>\n\t\t<\/div>\n\t\t\t\t\t<\/div>\n\t\t<\/section>\n\t\t\t\t<\/div>","protected":false},"excerpt":{"rendered":"<p>Re-Vive Landscaping Re-Vive Landscaping, brings life to gardens, terraces, driveways, entrances, alleys, patios, corridors, etc., that our customers love and enjoy. As our lifestyle changes and we spend more time at home, fine landscaping is quickly becoming a premium feature for home buyers and renters. It also happens to offer one of the highest return [&hellip;]<\/p>\n","protected":false},"author":1,"featured_media":0,"parent":0,"menu_order":0,"comment_status":"closed","ping_status":"closed","template":"elementor_header_footer","meta":{"footnotes":""},"class_list":["post-1242","page","type-page","status-publish","hentry"],"aioseo_notices":[],"_links":{"self":[{"href":"https:\/\/carlyleconstruction.ca\/fr\/wp-json\/wp\/v2\/pages\/1242","targetHints":{"allow":["GET"]}}],"collection":[{"href":"https:\/\/carlyleconstruction.ca\/fr\/wp-json\/wp\/v2\/pages"}],"about":[{"href":"https:\/\/carlyleconstruction.ca\/fr\/wp-json\/wp\/v2\/types\/page"}],"author":[{"embeddable":true,"href":"https:\/\/carlyleconstruction.ca\/fr\/wp-json\/wp\/v2\/users\/1"}],"replies":[{"embeddable":true,"href":"https:\/\/carlyleconstruction.ca\/fr\/wp-json\/wp\/v2\/comments?post=1242"}],"version-history":[{"count":5,"href":"https:\/\/carlyleconstruction.ca\/fr\/wp-json\/wp\/v2\/pages\/1242\/revisions"}],"predecessor-version":[{"id":3386,"href":"https:\/\/carlyleconstruction.ca\/fr\/wp-json\/wp\/v2\/pages\/1242\/revisions\/3386"}],"wp:attachment":[{"href":"https:\/\/carlyleconstruction.ca\/fr\/wp-json\/wp\/v2\/media?parent=1242"}],"curies":[{"name":"wp","href":"https:\/\/api.w.org\/{rel}","templated":true}]}}