{"id":1662,"date":"2020-12-05T19:02:14","date_gmt":"2020-12-06T00:02:14","guid":{"rendered":"https:\/\/www.carlyleconstruction.ca\/?page_id=1662"},"modified":"2024-03-19T13:16:19","modified_gmt":"2024-03-19T18:16:19","slug":"conception-construction-2","status":"publish","type":"page","link":"https:\/\/carlyleconstruction.ca\/fr\/design-build\/","title":{"rendered":"Conception et construction"},"content":{"rendered":"<div data-elementor-type=\"wp-page\" data-elementor-id=\"1662\" class=\"elementor elementor-1662\" data-elementor-post-type=\"page\">\n\t\t\t\t\t\t<section class=\"elementor-section elementor-top-section elementor-element elementor-element-d983486 elementor-section-full_width elementor-section-height-default elementor-section-height-default\" data-id=\"d983486\" data-element_type=\"section\" data-e-type=\"section\">\n\t\t\t\t\t\t<div class=\"elementor-container elementor-column-gap-default\">\n\t\t\t\t\t<div class=\"elementor-column elementor-col-100 elementor-top-column elementor-element elementor-element-03f19e1\" data-id=\"03f19e1\" data-element_type=\"column\" data-e-type=\"column\">\n\t\t\t<div class=\"elementor-widget-wrap elementor-element-populated\">\n\t\t\t\t\t\t<div class=\"elementor-element elementor-element-8b29c7e elementor-widget__width-inherit elementor-widget elementor-widget-image\" data-id=\"8b29c7e\" data-element_type=\"widget\" data-e-type=\"widget\" data-widget_type=\"image.default\">\n\t\t\t\t<div class=\"elementor-widget-container\">\n\t\t\t\t\t\t\t\t\t\t\t\t\t\t\t<img fetchpriority=\"high\" decoding=\"async\" src=\"https:\/\/carlyleconstruction.ca\/wp-content\/uploads\/2021\/01\/Design-Build-Render-1.1.jpg\" height=\"800\" width=\"1200\" srcset=\"https:\/\/carlyleconstruction.ca\/wp-content\/uploads\/2021\/01\/Design-Build-Render-1.1.jpg 1200w, https:\/\/carlyleconstruction.ca\/wp-content\/uploads\/2021\/01\/Design-Build-Render-1.1-300x200.jpg 300w, https:\/\/carlyleconstruction.ca\/wp-content\/uploads\/2021\/01\/Design-Build-Render-1.1-1024x683.jpg 1024w, https:\/\/carlyleconstruction.ca\/wp-content\/uploads\/2021\/01\/Design-Build-Render-1.1-768x512.jpg 768w, https:\/\/carlyleconstruction.ca\/wp-content\/uploads\/2021\/01\/Design-Build-Render-1.1-600x400.jpg 600w\" sizes=\"(max-width: 1200px) 100vw, 1200px\" class=\"attachment-full size-full wp-image-1968 sp-no-webp\" alt=\"design build\"> \t\t\t\t\t\t\t\t\t\t\t\t\t\t\t<\/div>\n\t\t\t\t<\/div>\n\t\t\t\t<div class=\"elementor-element elementor-element-d68d2bc elementor-widget elementor-widget-heading\" data-id=\"d68d2bc\" data-element_type=\"widget\" data-e-type=\"widget\" data-widget_type=\"heading.default\">\n\t\t\t\t<div class=\"elementor-widget-container\">\n\t\t\t\t\t<h2 class=\"elementor-heading-title elementor-size-default\">entrepreneur en conception et construction<\/h2>\t\t\t\t<\/div>\n\t\t\t\t<\/div>\n\t\t\t\t<div class=\"elementor-element elementor-element-8e3296b elementor-widget elementor-widget-heading\" data-id=\"8e3296b\" data-element_type=\"widget\" data-e-type=\"widget\" data-widget_type=\"heading.default\">\n\t\t\t\t<div class=\"elementor-widget-container\">\n\t\t\t\t\t<h3 class=\"elementor-heading-title elementor-size-default\">L'avantage de Carlyle Construction<\/h3>\t\t\t\t<\/div>\n\t\t\t\t<\/div>\n\t\t\t\t<div class=\"elementor-element elementor-element-b23b3b6 elementor-widget elementor-widget-text-editor\" data-id=\"b23b3b6\" data-element_type=\"widget\" data-e-type=\"widget\" data-widget_type=\"text-editor.default\">\n\t\t\t\t<div class=\"elementor-widget-container\">\n\t\t\t\t\t\t\t\t\t<p>Our Clients chose to work with Carlyle Construction as their Design-Build contractor because we offer the most cost-efficient way to deliver their build or remodel project. We streamline the construction process to deliver projects faster and with lower management fees. And, by dealing with one single entity, there is full and clear accountability.<\/p>\n<p>Parlez-nous de votre projet, de vos objectifs, de vos besoins et de votre budget. Nous vous aidons \u00e0 cr\u00e9er une version constructible de votre vision. Celui qui correspond \u00e0 vos attentes et \u00e0 votre budget.<\/p>\n<p>We guide you throughout the whole process. Our services streamline the back-and-forth of multiple design revisions that are costly and time consuming. We have the experience to identify potential issues early in the design phase and guide you to bring your project up to code, prepare detailed construction plans, get the engineer&#8217;s stamp and the city&#8217;s permit.<\/p>\n<p>La budg\u00e9tisation est plus rapide et plus pr\u00e9cise car nous connaissons les subtilit\u00e9s du processus de construction. Nous n\u00e9gocions de meilleurs prix avec nos sous-traitants et fournisseurs sans l\u00e9siner sur les raccourcis.<\/p>\n<p>Durant la construction, nous coordonnons les travaux de plusieurs corps de m\u00e9tier en nous assurant que les livrables et les d\u00e9lais soient respect\u00e9s. Garder une communication \u00e9troite avec le propri\u00e9taire \u00e0 tout moment.<\/p>\n<p>And, while Change Orders are a fact of life in any construction project, they are substantially reduced when you work with Carlyle as your Design Build contractor.<\/p>\n<p>Learn more about our <a href=\"https:\/\/carlyleconstruction.ca\/services\/\">services here<\/a> or <a href=\"https:\/\/carlyleconstruction.ca\/contact-us\/\">Contactez-nous<\/a>.<\/p>\t\t\t\t\t\t\t\t<\/div>\n\t\t\t\t<\/div>\n\t\t\t\t<div class=\"elementor-element elementor-element-6588ff1 elementor-widget elementor-widget-heading\" data-id=\"6588ff1\" data-element_type=\"widget\" data-e-type=\"widget\" data-widget_type=\"heading.default\">\n\t\t\t\t<div class=\"elementor-widget-container\">\n\t\t\t\t\t<h3 class=\"elementor-heading-title elementor-size-default\">Avantage \u00e9conomique de la conception-construction<\/h3>\t\t\t\t<\/div>\n\t\t\t\t<\/div>\n\t\t\t\t<div class=\"elementor-element elementor-element-661770f elementor-widget__width-inherit elementor-widget elementor-widget-image\" data-id=\"661770f\" data-element_type=\"widget\" data-e-type=\"widget\" data-widget_type=\"image.default\">\n\t\t\t\t<div class=\"elementor-widget-container\">\n\t\t\t\t\t\t\t\t\t\t\t\t\t\t\t<img decoding=\"async\" src=\"https:\/\/carlyleconstruction.ca\/wp-content\/uploads\/2020\/12\/Traditional-Vs-Design-Build.png\" height=\"1614\" width=\"3856\" srcset=\"https:\/\/carlyleconstruction.ca\/wp-content\/uploads\/2020\/12\/Traditional-Vs-Design-Build.png 3856w, https:\/\/carlyleconstruction.ca\/wp-content\/uploads\/2020\/12\/Traditional-Vs-Design-Build-300x126.png 300w, https:\/\/carlyleconstruction.ca\/wp-content\/uploads\/2020\/12\/Traditional-Vs-Design-Build-1024x429.png 1024w, https:\/\/carlyleconstruction.ca\/wp-content\/uploads\/2020\/12\/Traditional-Vs-Design-Build-768x321.png 768w, https:\/\/carlyleconstruction.ca\/wp-content\/uploads\/2020\/12\/Traditional-Vs-Design-Build-1536x643.png 1536w, https:\/\/carlyleconstruction.ca\/wp-content\/uploads\/2020\/12\/Traditional-Vs-Design-Build-2048x857.png 2048w, https:\/\/carlyleconstruction.ca\/wp-content\/uploads\/2020\/12\/Traditional-Vs-Design-Build-600x251.png 600w\" sizes=\"(max-width: 3856px) 100vw, 3856px\" class=\"attachment-full size-full wp-image-1736 sp-no-webp\" alt=\"avantage conception-construction\"> \t\t\t\t\t\t\t\t\t\t\t\t\t\t\t<\/div>\n\t\t\t\t<\/div>\n\t\t\t\t<div class=\"elementor-element elementor-element-07b5abc elementor-widget elementor-widget-heading\" data-id=\"07b5abc\" data-element_type=\"widget\" data-e-type=\"widget\" data-widget_type=\"heading.default\">\n\t\t\t\t<div class=\"elementor-widget-container\">\n\t\t\t\t\t<h3 class=\"elementor-heading-title elementor-size-default\">La conception-construction est devenue la m\u00e9thode la plus populaire pour les projets de construction<\/h3>\t\t\t\t<\/div>\n\t\t\t\t<\/div>\n\t\t\t\t<div class=\"elementor-element elementor-element-a97eafc elementor-widget elementor-widget-text-editor\" data-id=\"a97eafc\" data-element_type=\"widget\" data-e-type=\"widget\" data-widget_type=\"text-editor.default\">\n\t\t\t\t<div class=\"elementor-widget-container\">\n\t\t\t\t\t\t\t\t\t<p>Owners like Design-Build because one company is responsible for the design and construction of their project. This method has gained popularity as it&#8217;s the most cost-efficient way to build or remodel. As a result, they enjoy from savings in management fees and time.<\/p>\n<p>Design-Build focus on efficiency, collaboration and innovation under one roof. Moreover, it provides maximum flexibility and quality control.<\/p>\n<p>All players always know what to execute with fewer unexpected costs and more value to our clients. Because one entity is responsible of the project, there is full accountability. No blame-shifting or finger pointing.<\/p>\n<p><!-- \/wp:paragraph --><\/p>\n<p><!-- wp:paragraph --><\/p>\n<p>At Carlyle Construction, we offer fully integrated Design-Build services. We only work with trusted architects, engineers, designers, lobbyists and <a href=\"http:\/\/www.capital-b.ca\" target=\"_blank\" rel=\"noopener noreferrer nofollow\">conseillers immobiliers<\/a> in Montr\u00e9al to create spaces that meet your needs and budget.<\/p>\n<p>\u00a0<\/p>\n<p>Pour plus d'informations, <a href=\"https:\/\/carlyleconstruction.ca\/contact-us\/\">get in touch with us<\/a>.<\/p>\t\t\t\t\t\t\t\t<\/div>\n\t\t\t\t<\/div>\n\t\t\t\t\t<\/div>\n\t\t<\/div>\n\t\t\t\t\t<\/div>\n\t\t<\/section>\n\t\t\t\t<\/div>","protected":false},"excerpt":{"rendered":"<p>Design-Build Carlyle Construction&#8217;s Advantage Our Clients chose to work with Carlyle Construction as their Design-Build contractor because we offer the most cost-efficient way to deliver their build or remodel project. We streamline the construction process to deliver projects faster and with lower management fees. And, by dealing with one single entity, there is full and [&hellip;]<\/p>\n","protected":false},"author":1,"featured_media":0,"parent":0,"menu_order":0,"comment_status":"closed","ping_status":"closed","template":"elementor_header_footer","meta":{"footnotes":""},"class_list":["post-1662","page","type-page","status-publish","hentry"],"aioseo_notices":[],"ase":null,"_links":{"self":[{"href":"https:\/\/carlyleconstruction.ca\/fr\/wp-json\/wp\/v2\/pages\/1662","targetHints":{"allow":["GET"]}}],"collection":[{"href":"https:\/\/carlyleconstruction.ca\/fr\/wp-json\/wp\/v2\/pages"}],"about":[{"href":"https:\/\/carlyleconstruction.ca\/fr\/wp-json\/wp\/v2\/types\/page"}],"author":[{"embeddable":true,"href":"https:\/\/carlyleconstruction.ca\/fr\/wp-json\/wp\/v2\/users\/1"}],"replies":[{"embeddable":true,"href":"https:\/\/carlyleconstruction.ca\/fr\/wp-json\/wp\/v2\/comments?post=1662"}],"version-history":[{"count":3,"href":"https:\/\/carlyleconstruction.ca\/fr\/wp-json\/wp\/v2\/pages\/1662\/revisions"}],"predecessor-version":[{"id":3064,"href":"https:\/\/carlyleconstruction.ca\/fr\/wp-json\/wp\/v2\/pages\/1662\/revisions\/3064"}],"wp:attachment":[{"href":"https:\/\/carlyleconstruction.ca\/fr\/wp-json\/wp\/v2\/media?parent=1662"}],"curies":[{"name":"wp","href":"https:\/\/api.w.org\/{rel}","templated":true}]}}