{"id":1790,"date":"2021-01-11T13:35:16","date_gmt":"2021-01-11T18:35:16","guid":{"rendered":"https:\/\/www.carlyleconstruction.ca\/?page_id=1790"},"modified":"2024-09-10T14:55:01","modified_gmt":"2024-09-10T19:55:01","slug":"basement-renovation","status":"publish","type":"page","link":"https:\/\/carlyleconstruction.ca\/fr\/basement-renovation\/","title":{"rendered":"R\u00e9novation de sous-sol"},"content":{"rendered":"<div data-elementor-type=\"wp-page\" data-elementor-id=\"1790\" class=\"elementor elementor-1790\" data-elementor-post-type=\"page\">\n\t\t\t\t\t\t<section class=\"elementor-section elementor-top-section elementor-element elementor-element-4b9dc47b elementor-section-full_width elementor-section-height-default elementor-section-height-default\" data-id=\"4b9dc47b\" data-element_type=\"section\" data-e-type=\"section\">\n\t\t\t\t\t\t<div class=\"elementor-container elementor-column-gap-default\">\n\t\t\t\t\t<div class=\"elementor-column elementor-col-100 elementor-top-column elementor-element elementor-element-73ad699e\" data-id=\"73ad699e\" data-element_type=\"column\" data-e-type=\"column\">\n\t\t\t<div class=\"elementor-widget-wrap elementor-element-populated\">\n\t\t\t\t\t\t<div class=\"elementor-element elementor-element-7051aef elementor-widget__width-inherit elementor-widget elementor-widget-image\" data-id=\"7051aef\" data-element_type=\"widget\" data-e-type=\"widget\" data-widget_type=\"image.default\">\n\t\t\t\t<div class=\"elementor-widget-container\">\n\t\t\t\t\t\t\t\t\t\t\t\t\t\t\t<img fetchpriority=\"high\" decoding=\"async\" src=\"https:\/\/carlyleconstruction.ca\/wp-content\/uploads\/2021\/01\/Basement-Living-1.1-1024x683.jpg\" height=\"534\" width=\"800\" srcset=\"https:\/\/carlyleconstruction.ca\/wp-content\/uploads\/2021\/01\/Basement-Living-1.1-1024x683.jpg 1024w, https:\/\/carlyleconstruction.ca\/wp-content\/uploads\/2021\/01\/Basement-Living-1.1-300x200.jpg 300w, https:\/\/carlyleconstruction.ca\/wp-content\/uploads\/2021\/01\/Basement-Living-1.1-768x512.jpg 768w, https:\/\/carlyleconstruction.ca\/wp-content\/uploads\/2021\/01\/Basement-Living-1.1-600x400.jpg 600w, https:\/\/carlyleconstruction.ca\/wp-content\/uploads\/2021\/01\/Basement-Living-1.1.jpg 1200w\" sizes=\"(max-width: 800px) 100vw, 800px\" class=\"attachment-large size-large wp-image-1973 sp-no-webp\" alt=\"basement renovation finished, r\u00e9novation de sous-sol\"> \t\t\t\t\t\t\t\t\t\t\t\t\t\t\t<\/div>\n\t\t\t\t<\/div>\n\t\t\t\t<div class=\"elementor-element elementor-element-8e496ce elementor-widget elementor-widget-heading\" data-id=\"8e496ce\" data-element_type=\"widget\" data-e-type=\"widget\" data-widget_type=\"heading.default\">\n\t\t\t\t<div class=\"elementor-widget-container\">\n\t\t\t\t\t<h2 class=\"elementor-heading-title elementor-size-default\">Basement Construction &amp; Remodel<\/h2>\t\t\t\t<\/div>\n\t\t\t\t<\/div>\n\t\t\t\t<div class=\"elementor-element elementor-element-4c74480 elementor-widget elementor-widget-text-editor\" data-id=\"4c74480\" data-element_type=\"widget\" data-e-type=\"widget\" data-widget_type=\"text-editor.default\">\n\t\t\t\t<div class=\"elementor-widget-container\">\n\t\t\t\t\t\t\t\t\t<p>Nous pensons qu\u2019un sous-sol bien con\u00e7u devrait \u00eatre une extension naturelle de votre maison. Nous nous distinguons par la conception de transitions fluides entre les espaces de vie en fonction des besoins fonctionnels de nos clients.<\/p><p>Un sous-sol bien pens\u00e9 est un excellent moyen d\u2019ajouter de l\u2019espace habitable, et lorsqu\u2019il est fait intelligemment, vous pourriez tout aussi bien ajouter beaucoup de valeur \u00e0 votre maison. N\u00e9anmoins, il s\u2019agit de l\u2019un des projets de r\u00e9novation les plus complexes et les plus ambitieux.<\/p>\t\t\t\t\t\t\t\t<\/div>\n\t\t\t\t<\/div>\n\t\t\t\t<div class=\"elementor-element elementor-element-cc7fc0e elementor-widget elementor-widget-image\" data-id=\"cc7fc0e\" data-element_type=\"widget\" data-e-type=\"widget\" data-widget_type=\"image.default\">\n\t\t\t\t<div class=\"elementor-widget-container\">\n\t\t\t\t\t\t\t\t\t\t\t\t\t\t\t<img decoding=\"async\" src=\"https:\/\/carlyleconstruction.ca\/wp-content\/uploads\/2021\/01\/Basement-Unfinished-1.1-1024x683.jpg\" height=\"534\" width=\"800\" srcset=\"https:\/\/carlyleconstruction.ca\/wp-content\/uploads\/2021\/01\/Basement-Unfinished-1.1-1024x683.jpg 1024w, https:\/\/carlyleconstruction.ca\/wp-content\/uploads\/2021\/01\/Basement-Unfinished-1.1-300x200.jpg 300w, https:\/\/carlyleconstruction.ca\/wp-content\/uploads\/2021\/01\/Basement-Unfinished-1.1-768x512.jpg 768w, https:\/\/carlyleconstruction.ca\/wp-content\/uploads\/2021\/01\/Basement-Unfinished-1.1-600x400.jpg 600w, https:\/\/carlyleconstruction.ca\/wp-content\/uploads\/2021\/01\/Basement-Unfinished-1.1.jpg 1200w\" sizes=\"(max-width: 800px) 100vw, 800px\" class=\"attachment-large size-large wp-image-2019 sp-no-webp\" alt=\"sous-sol non am\u00e9nag\u00e9, sous-sol non fini\"> \t\t\t\t\t\t\t\t\t\t\t\t\t\t\t<\/div>\n\t\t\t\t<\/div>\n\t\t\t\t<div class=\"elementor-element elementor-element-a5378be elementor-widget elementor-widget-heading\" data-id=\"a5378be\" data-element_type=\"widget\" data-e-type=\"widget\" data-widget_type=\"heading.default\">\n\t\t\t\t<div class=\"elementor-widget-container\">\n\t\t\t\t\t<h3 class=\"elementor-heading-title elementor-size-default\">Avant de commencer<\/h3>\t\t\t\t<\/div>\n\t\t\t\t<\/div>\n\t\t\t\t<div class=\"elementor-element elementor-element-528cb33 elementor-widget elementor-widget-text-editor\" data-id=\"528cb33\" data-element_type=\"widget\" data-e-type=\"widget\" data-widget_type=\"text-editor.default\">\n\t\t\t\t<div class=\"elementor-widget-container\">\n\t\t\t\t\t\t\t\t\t<p>Avant d'entreprendre un tel projet, plusieurs\u00a0<a href=\"https:\/\/www.boardandvellum.com\/blog\/should-i-dig-out-my-basement\/\" target=\"_blank\" rel=\"noopener noreferrer nofollow\">consid\u00e9rations<\/a>\u00a0doivent \u00eatre \u00e9valu\u00e9s. Est-ce de la terre ou de la roche sous le b\u00e2timent ? Est-ce qu'il est actuellement humide ou sec ? Quelle est la hauteur disponible et ai-je acc\u00e8s pour creuser ? Quelle est l'\u00e9l\u00e9vation de la canalisation d'\u00e9gout ? \u00c0 quelle distance mes voisins sont-ils ? et bien s\u00fbr, quel est le budget ?<\/p><p>Lorsque vous travaillez avec Carlyle, vous obtenez non seulement un entrepreneur qui peut vous aider avec toutes ces questions, mais \u00e9galement des conseils professionnels pour vous aider \u00e0 prendre les bonnes d\u00e9cisions avant d'entreprendre un projet de sous-sol, un projet qui ajoute de la valeur financi\u00e8re \u00e0 votre propri\u00e9t\u00e9 et qui r\u00e9pond \u00e0 vos besoins. vos besoins fonctionnels.<\/p>\t\t\t\t\t\t\t\t<\/div>\n\t\t\t\t<\/div>\n\t\t\t\t<section class=\"elementor-section elementor-inner-section elementor-element elementor-element-4d3bc49 elementor-section-full_width elementor-section-height-default elementor-section-height-default\" data-id=\"4d3bc49\" data-element_type=\"section\" data-e-type=\"section\">\n\t\t\t\t\t\t<div class=\"elementor-container elementor-column-gap-default\">\n\t\t\t\t\t<div class=\"elementor-column elementor-col-50 elementor-inner-column elementor-element elementor-element-ac1e0b9\" data-id=\"ac1e0b9\" data-element_type=\"column\" data-e-type=\"column\">\n\t\t\t<div class=\"elementor-widget-wrap elementor-element-populated\">\n\t\t\t\t\t\t<div class=\"elementor-element elementor-element-4b4c817 elementor-widget elementor-widget-image\" data-id=\"4b4c817\" data-element_type=\"widget\" data-e-type=\"widget\" data-widget_type=\"image.default\">\n\t\t\t\t<div class=\"elementor-widget-container\">\n\t\t\t\t\t\t\t\t\t\t\t\t\t\t\t<img decoding=\"async\" src=\"https:\/\/carlyleconstruction.ca\/wp-content\/uploads\/2021\/01\/Basement-Basic-1.1-1024x683.jpg\" height=\"534\" width=\"800\" srcset=\"https:\/\/carlyleconstruction.ca\/wp-content\/uploads\/2021\/01\/Basement-Basic-1.1-1024x683.jpg 1024w, https:\/\/carlyleconstruction.ca\/wp-content\/uploads\/2021\/01\/Basement-Basic-1.1-300x200.jpg 300w, https:\/\/carlyleconstruction.ca\/wp-content\/uploads\/2021\/01\/Basement-Basic-1.1-768x512.jpg 768w, https:\/\/carlyleconstruction.ca\/wp-content\/uploads\/2021\/01\/Basement-Basic-1.1-600x400.jpg 600w, https:\/\/carlyleconstruction.ca\/wp-content\/uploads\/2021\/01\/Basement-Basic-1.1.jpg 1200w\" sizes=\"(max-width: 800px) 100vw, 800px\" class=\"attachment-large size-large wp-image-2020 sp-no-webp\" alt=\"sous-sol semi fini, sous-sol fini\"> \t\t\t\t\t\t\t\t\t\t\t\t\t\t\t<\/div>\n\t\t\t\t<\/div>\n\t\t\t\t\t<\/div>\n\t\t<\/div>\n\t\t\t\t<div class=\"elementor-column elementor-col-50 elementor-inner-column elementor-element elementor-element-3ede37e\" data-id=\"3ede37e\" data-element_type=\"column\" data-e-type=\"column\">\n\t\t\t<div class=\"elementor-widget-wrap elementor-element-populated\">\n\t\t\t\t\t\t<div class=\"elementor-element elementor-element-fb11453 elementor-widget elementor-widget-image\" data-id=\"fb11453\" data-element_type=\"widget\" data-e-type=\"widget\" data-widget_type=\"image.default\">\n\t\t\t\t<div class=\"elementor-widget-container\">\n\t\t\t\t\t\t\t\t\t\t\t\t\t\t\t<img loading=\"lazy\" decoding=\"async\" src=\"https:\/\/carlyleconstruction.ca\/wp-content\/uploads\/2021\/01\/Basement-Bedroom-1.1-1024x683.jpg\" height=\"534\" width=\"800\" srcset=\"https:\/\/carlyleconstruction.ca\/wp-content\/uploads\/2021\/01\/Basement-Bedroom-1.1-1024x683.jpg 1024w, https:\/\/carlyleconstruction.ca\/wp-content\/uploads\/2021\/01\/Basement-Bedroom-1.1-300x200.jpg 300w, https:\/\/carlyleconstruction.ca\/wp-content\/uploads\/2021\/01\/Basement-Bedroom-1.1-768x512.jpg 768w, https:\/\/carlyleconstruction.ca\/wp-content\/uploads\/2021\/01\/Basement-Bedroom-1.1-600x400.jpg 600w, https:\/\/carlyleconstruction.ca\/wp-content\/uploads\/2021\/01\/Basement-Bedroom-1.1.jpg 1200w\" sizes=\"(max-width: 800px) 100vw, 800px\" class=\"attachment-large size-large wp-image-2021 sp-no-webp\" alt=\"chambre du sous-sol, r\u00e9novation du sous-sol\"> \t\t\t\t\t\t\t\t\t\t\t\t\t\t\t<\/div>\n\t\t\t\t<\/div>\n\t\t\t\t\t<\/div>\n\t\t<\/div>\n\t\t\t\t\t<\/div>\n\t\t<\/section>\n\t\t\t\t<div class=\"elementor-element elementor-element-6c405bc elementor-widget elementor-widget-heading\" data-id=\"6c405bc\" data-element_type=\"widget\" data-e-type=\"widget\" data-widget_type=\"heading.default\">\n\t\t\t\t<div class=\"elementor-widget-container\">\n\t\t\t\t\t<h3 class=\"elementor-heading-title elementor-size-default\">Une approche cl\u00e9 en main<\/h3>\t\t\t\t<\/div>\n\t\t\t\t<\/div>\n\t\t\t\t<div class=\"elementor-element elementor-element-f5f06da elementor-widget elementor-widget-text-editor\" data-id=\"f5f06da\" data-element_type=\"widget\" data-e-type=\"widget\" data-widget_type=\"text-editor.default\">\n\t\t\t\t<div class=\"elementor-widget-container\">\n\t\t\t\t\t\t\t\t\t<p>Nous offrons des services de construction de sous-sol cl\u00e9 en main. Lorsque vous travaillez avec nous, vous obtenez la conception, les plans de permis, les plans d'ex\u00e9cution et les services de construction. En plus de cela, la tranquillit\u00e9 d'esprit de savoir que notre \u00e9quipe veillera \u00e0 ce que votre projet soit r\u00e9alis\u00e9 correctement et en toute s\u00e9curit\u00e9.<\/p><p>Nous proposons les derni\u00e8res technologies en mati\u00e8re d'isolation et de chauffage pour garantir le cadre de vie le plus confortable.<\/p><ul><li>travaux d'excavation<\/li><li>Analyse et \u00e9tude des sols<\/li><li>Sous-\u0153uvre<\/li><li>Soutien structurel<\/li><li>Coffrage et b\u00e9ton<\/li><li>Imperm\u00e9abilisation<\/li><li>Drainage<\/li><li>Isolation des murs<\/li><li>Syst\u00e8mes de chauffage<\/li><li>Sol<\/li><li>\u00c9clairage<\/li><\/ul><p>\u00c0 la fin de chaque projet, nous effectuons une revue compl\u00e8te avec vous pour nous assurer que le travail est conforme \u00e0 nos normes \u00e9lev\u00e9es.<\/p><p><a href=\"https:\/\/carlyleconstruction.ca\/contact-us\/\">Contactez-nous<\/a>\u00a0pour nous faire part de vos besoins, il nous fera plaisir de vous aider.<\/p>\t\t\t\t\t\t\t\t<\/div>\n\t\t\t\t<\/div>\n\t\t\t\t\t<\/div>\n\t\t<\/div>\n\t\t\t\t\t<\/div>\n\t\t<\/section>\n\t\t\t\t<\/div>","protected":false},"excerpt":{"rendered":"<p>Basement Construction &#038; Remodel We believe a well-designed basement should be a natural extension of your home. We stand out for designing seamless transitions between living spaces based on the functional needs of our clients. A well-thought basement is a great way to add living space, and when done smart, you might as well add [&hellip;]<\/p>\n","protected":false},"author":1,"featured_media":0,"parent":0,"menu_order":0,"comment_status":"closed","ping_status":"closed","template":"elementor_header_footer","meta":{"footnotes":""},"class_list":["post-1790","page","type-page","status-publish","hentry"],"aioseo_notices":[],"_links":{"self":[{"href":"https:\/\/carlyleconstruction.ca\/fr\/wp-json\/wp\/v2\/pages\/1790","targetHints":{"allow":["GET"]}}],"collection":[{"href":"https:\/\/carlyleconstruction.ca\/fr\/wp-json\/wp\/v2\/pages"}],"about":[{"href":"https:\/\/carlyleconstruction.ca\/fr\/wp-json\/wp\/v2\/types\/page"}],"author":[{"embeddable":true,"href":"https:\/\/carlyleconstruction.ca\/fr\/wp-json\/wp\/v2\/users\/1"}],"replies":[{"embeddable":true,"href":"https:\/\/carlyleconstruction.ca\/fr\/wp-json\/wp\/v2\/comments?post=1790"}],"version-history":[{"count":5,"href":"https:\/\/carlyleconstruction.ca\/fr\/wp-json\/wp\/v2\/pages\/1790\/revisions"}],"predecessor-version":[{"id":3368,"href":"https:\/\/carlyleconstruction.ca\/fr\/wp-json\/wp\/v2\/pages\/1790\/revisions\/3368"}],"wp:attachment":[{"href":"https:\/\/carlyleconstruction.ca\/fr\/wp-json\/wp\/v2\/media?parent=1790"}],"curies":[{"name":"wp","href":"https:\/\/api.w.org\/{rel}","templated":true}]}}