{"id":1830,"date":"2021-01-13T14:01:49","date_gmt":"2021-01-13T19:01:49","guid":{"rendered":"https:\/\/www.carlyleconstruction.ca\/?page_id=1830"},"modified":"2024-09-10T15:00:40","modified_gmt":"2024-09-10T20:00:40","slug":"bathroom-renovation","status":"publish","type":"page","link":"https:\/\/carlyleconstruction.ca\/fr\/bathroom-renovation\/","title":{"rendered":"R\u00e9novation salle de bain"},"content":{"rendered":"<div data-elementor-type=\"wp-page\" data-elementor-id=\"1830\" class=\"elementor elementor-1830\" data-elementor-post-type=\"page\">\n\t\t\t\t\t\t<section class=\"elementor-section elementor-top-section elementor-element elementor-element-e6b1812 elementor-section-full_width elementor-section-height-default elementor-section-height-default\" data-id=\"e6b1812\" data-element_type=\"section\" data-e-type=\"section\">\n\t\t\t\t\t\t<div class=\"elementor-container elementor-column-gap-default\">\n\t\t\t\t\t<div class=\"elementor-column elementor-col-100 elementor-top-column elementor-element elementor-element-e41ea1d\" data-id=\"e41ea1d\" data-element_type=\"column\" data-e-type=\"column\">\n\t\t\t<div class=\"elementor-widget-wrap elementor-element-populated\">\n\t\t\t\t\t\t<div class=\"elementor-element elementor-element-e8c74b4 elementor-widget__width-inherit elementor-widget elementor-widget-image\" data-id=\"e8c74b4\" data-element_type=\"widget\" data-e-type=\"widget\" data-widget_type=\"image.default\">\n\t\t\t\t<div class=\"elementor-widget-container\">\n\t\t\t\t\t\t\t\t\t\t\t\t\t\t\t<img fetchpriority=\"high\" decoding=\"async\" src=\"https:\/\/carlyleconstruction.ca\/wp-content\/uploads\/2021\/02\/Bathroom-Modern-3.1.jpg\" height=\"800\" width=\"1200\" srcset=\"https:\/\/carlyleconstruction.ca\/wp-content\/uploads\/2021\/02\/Bathroom-Modern-3.1.jpg 1200w, https:\/\/carlyleconstruction.ca\/wp-content\/uploads\/2021\/02\/Bathroom-Modern-3.1-300x200.jpg 300w, https:\/\/carlyleconstruction.ca\/wp-content\/uploads\/2021\/02\/Bathroom-Modern-3.1-1024x683.jpg 1024w, https:\/\/carlyleconstruction.ca\/wp-content\/uploads\/2021\/02\/Bathroom-Modern-3.1-768x512.jpg 768w, https:\/\/carlyleconstruction.ca\/wp-content\/uploads\/2021\/02\/Bathroom-Modern-3.1-600x400.jpg 600w, https:\/\/carlyleconstruction.ca\/wp-content\/uploads\/2021\/02\/Bathroom-Modern-3.1-150x100.jpg 150w\" sizes=\"(max-width: 1200px) 100vw, 1200px\" class=\"attachment-full size-full wp-image-2540 sp-no-webp\" alt=\"Bathroom renovation, Renovation salle de bain\"> \t\t\t\t\t\t\t\t\t\t\t\t\t\t\t<\/div>\n\t\t\t\t<\/div>\n\t\t\t\t<div class=\"elementor-element elementor-element-b520bd0 elementor-widget elementor-widget-heading\" data-id=\"b520bd0\" data-element_type=\"widget\" data-e-type=\"widget\" data-widget_type=\"heading.default\">\n\t\t\t\t<div class=\"elementor-widget-container\">\n\t\t\t\t\t<h2 class=\"elementor-heading-title elementor-size-default\">R\u00e9novation salle de bain<\/h2>\t\t\t\t<\/div>\n\t\t\t\t<\/div>\n\t\t\t\t<div class=\"elementor-element elementor-element-0757650 elementor-widget elementor-widget-text-editor\" data-id=\"0757650\" data-element_type=\"widget\" data-e-type=\"widget\" data-widget_type=\"text-editor.default\">\n\t\t\t\t<div class=\"elementor-widget-container\">\n\t\t\t\t\t\t\t\t\t<p>Les enjeux d\u2019une r\u00e9novation de salle de bain sont \u00e9lev\u00e9s. Ils doivent \u00eatre hyper fonctionnels et pratiques. Et id\u00e9alement, luxueux.<\/p>\n<p>Ils souffrent de l\u2019usure et, \u00e0 mesure que le temps passe et que les circonstances changent, vos priorit\u00e9s en tant que propri\u00e9taire changent \u00e9galement. Ce qui \u00e9tait autrefois une salle de bain fonctionnelle pour une famille avec de jeunes enfants ne fonctionnera peut-\u00eatre plus pour quelqu'un qui envisage de prendre sa retraite.<\/p>\t\t\t\t\t\t\t\t<\/div>\n\t\t\t\t<\/div>\n\t\t\t\t<div class=\"elementor-element elementor-element-d131279 elementor-widget__width-inherit elementor-widget elementor-widget-image\" data-id=\"d131279\" data-element_type=\"widget\" data-e-type=\"widget\" data-widget_type=\"image.default\">\n\t\t\t\t<div class=\"elementor-widget-container\">\n\t\t\t\t\t\t\t\t\t\t\t\t\t\t\t<img decoding=\"async\" src=\"https:\/\/carlyleconstruction.ca\/wp-content\/uploads\/2021\/01\/Bathroom-Modern-1.1-1024x683.jpg\" height=\"534\" width=\"800\" srcset=\"https:\/\/carlyleconstruction.ca\/wp-content\/uploads\/2021\/01\/Bathroom-Modern-1.1-1024x683.jpg 1024w, https:\/\/carlyleconstruction.ca\/wp-content\/uploads\/2021\/01\/Bathroom-Modern-1.1-300x200.jpg 300w, https:\/\/carlyleconstruction.ca\/wp-content\/uploads\/2021\/01\/Bathroom-Modern-1.1-768x512.jpg 768w, https:\/\/carlyleconstruction.ca\/wp-content\/uploads\/2021\/01\/Bathroom-Modern-1.1-600x400.jpg 600w, https:\/\/carlyleconstruction.ca\/wp-content\/uploads\/2021\/01\/Bathroom-Modern-1.1.jpg 1200w\" sizes=\"(max-width: 800px) 100vw, 800px\" class=\"attachment-large size-large wp-image-2011 sp-no-webp\" alt=\"bathroom renovation high end tiling, r\u00e9novation salle de bain carrelage haut de gamme\"> \t\t\t\t\t\t\t\t\t\t\t\t\t\t\t<\/div>\n\t\t\t\t<\/div>\n\t\t\t\t<div class=\"elementor-element elementor-element-8c3d6dc elementor-widget elementor-widget-heading\" data-id=\"8c3d6dc\" data-element_type=\"widget\" data-e-type=\"widget\" data-widget_type=\"heading.default\">\n\t\t\t\t<div class=\"elementor-widget-container\">\n\t\t\t\t\t<h3 class=\"elementor-heading-title elementor-size-default\">Points \u00e0 consid\u00e9rer lors de la r\u00e9novation d\u2019une SDB<\/h3>\t\t\t\t<\/div>\n\t\t\t\t<\/div>\n\t\t\t\t<div class=\"elementor-element elementor-element-1fbc7ef elementor-widget elementor-widget-text-editor\" data-id=\"1fbc7ef\" data-element_type=\"widget\" data-e-type=\"widget\" data-widget_type=\"text-editor.default\">\n\t\t\t\t<div class=\"elementor-widget-container\">\n\t\t\t\t\t\t\t\t\t<p>Il existe de nombreuses raisons pour lesquelles la r\u00e9novation d\u2019une salle de bains peut \u00eatre complexe et co\u00fbteuse. Travailler autour ou d\u00e9placer des services existants peut s\u2019av\u00e9rer difficile. Il faut consid\u00e9rer <a href=\"https:\/\/www.organized-home.com\/posts\/bathroom-storage-best-tips-expert-advice\/\" target=\"_blank\" rel=\"noopener noreferrer nofollow\">espace de stockage<\/a> et la circulation circule autour. R\u00e9alisation <a href=\"https:\/\/www.remodelista.com\/posts\/remodeling-101-how-to-install-flattering-lighting-in-the-bathroom\/\" target=\"_blank\" rel=\"noopener noreferrer nofollow\">\u00e9clairage flatteur<\/a> peut \u00eatre particuli\u00e8rement difficile dans une salle de bain. S\u00e9lection du <a href=\"https:\/\/fontanarchitecture.com\/modern-bathroom-materials-and-finishes\/\" target=\"_blank\" rel=\"noopener noreferrer nofollow\">mat\u00e9riaux de finition<\/a>, comme le carrelage, le coulis, le verre, les luminaires, les armoires, etc., qui fonctionnent ensemble n'est pas une t\u00e2che facile.<\/p>\n<p>Lorsque vous \u00e9tablissez un budget pour la r\u00e9novation d\u2019une salle de bains, n\u2019oubliez pas que les appareils sanitaires et la plomberie constituent le poste le plus important, suivis des surfaces et des armoires.<\/p>\n<p><em>Et n\u2019oubliez pas que lorsque vous entreprenez une r\u00e9novation majeure, vous souhaitez r\u00e9gler tout ce qui pourrait devenir un probl\u00e8me plus tard.<\/em><\/p>\t\t\t\t\t\t\t\t<\/div>\n\t\t\t\t<\/div>\n\t\t\t\t<section class=\"elementor-section elementor-inner-section elementor-element elementor-element-ebb9792 elementor-section-full_width elementor-section-height-default elementor-section-height-default\" data-id=\"ebb9792\" data-element_type=\"section\" data-e-type=\"section\">\n\t\t\t\t\t\t<div class=\"elementor-container elementor-column-gap-default\">\n\t\t\t\t\t<div class=\"elementor-column elementor-col-50 elementor-inner-column elementor-element elementor-element-4b91d38\" data-id=\"4b91d38\" data-element_type=\"column\" data-e-type=\"column\">\n\t\t\t<div class=\"elementor-widget-wrap elementor-element-populated\">\n\t\t\t\t\t\t<div class=\"elementor-element elementor-element-37736d6 elementor-widget elementor-widget-image\" data-id=\"37736d6\" data-element_type=\"widget\" data-e-type=\"widget\" data-widget_type=\"image.default\">\n\t\t\t\t<div class=\"elementor-widget-container\">\n\t\t\t\t\t\t\t\t\t\t\t\t\t\t\t<img decoding=\"async\" src=\"https:\/\/carlyleconstruction.ca\/wp-content\/uploads\/2021\/01\/Bathroom-Contemporary-1.1-1024x683.jpg\" height=\"534\" width=\"800\" srcset=\"https:\/\/carlyleconstruction.ca\/wp-content\/uploads\/2021\/01\/Bathroom-Contemporary-1.1-1024x683.jpg 1024w, https:\/\/carlyleconstruction.ca\/wp-content\/uploads\/2021\/01\/Bathroom-Contemporary-1.1-300x200.jpg 300w, https:\/\/carlyleconstruction.ca\/wp-content\/uploads\/2021\/01\/Bathroom-Contemporary-1.1-768x512.jpg 768w, https:\/\/carlyleconstruction.ca\/wp-content\/uploads\/2021\/01\/Bathroom-Contemporary-1.1-600x400.jpg 600w, https:\/\/carlyleconstruction.ca\/wp-content\/uploads\/2021\/01\/Bathroom-Contemporary-1.1.jpg 1200w\" sizes=\"(max-width: 800px) 100vw, 800px\" class=\"attachment-large size-large wp-image-2012 sp-no-webp\" alt=\"r\u00e9novation salle de bain contemporaine en marbre, r\u00e9novation de salle de bain contemporaine en marbre\"> \t\t\t\t\t\t\t\t\t\t\t\t\t\t\t<\/div>\n\t\t\t\t<\/div>\n\t\t\t\t\t<\/div>\n\t\t<\/div>\n\t\t\t\t<div class=\"elementor-column elementor-col-50 elementor-inner-column elementor-element elementor-element-8beaf73\" data-id=\"8beaf73\" data-element_type=\"column\" data-e-type=\"column\">\n\t\t\t<div class=\"elementor-widget-wrap elementor-element-populated\">\n\t\t\t\t\t\t<div class=\"elementor-element elementor-element-0894688 elementor-widget elementor-widget-image\" data-id=\"0894688\" data-element_type=\"widget\" data-e-type=\"widget\" data-widget_type=\"image.default\">\n\t\t\t\t<div class=\"elementor-widget-container\">\n\t\t\t\t\t\t\t\t\t\t\t\t\t\t\t<img loading=\"lazy\" decoding=\"async\" src=\"https:\/\/carlyleconstruction.ca\/wp-content\/uploads\/2021\/01\/Bathroom-Contemporary-2.1-1024x683.jpg\" height=\"534\" width=\"800\" srcset=\"https:\/\/carlyleconstruction.ca\/wp-content\/uploads\/2021\/01\/Bathroom-Contemporary-2.1-1024x683.jpg 1024w, https:\/\/carlyleconstruction.ca\/wp-content\/uploads\/2021\/01\/Bathroom-Contemporary-2.1-300x200.jpg 300w, https:\/\/carlyleconstruction.ca\/wp-content\/uploads\/2021\/01\/Bathroom-Contemporary-2.1-768x512.jpg 768w, https:\/\/carlyleconstruction.ca\/wp-content\/uploads\/2021\/01\/Bathroom-Contemporary-2.1-600x400.jpg 600w, https:\/\/carlyleconstruction.ca\/wp-content\/uploads\/2021\/01\/Bathroom-Contemporary-2.1.jpg 1200w\" sizes=\"(max-width: 800px) 100vw, 800px\" class=\"attachment-large size-large wp-image-2013 sp-no-webp\" alt=\"r\u00e9novation de salle de bain contemporaine, r\u00e9novation de salle de bain contemporaine\"> \t\t\t\t\t\t\t\t\t\t\t\t\t\t\t<\/div>\n\t\t\t\t<\/div>\n\t\t\t\t\t<\/div>\n\t\t<\/div>\n\t\t\t\t\t<\/div>\n\t\t<\/section>\n\t\t\t\t<div class=\"elementor-element elementor-element-9a0dff5 elementor-widget elementor-widget-heading\" data-id=\"9a0dff5\" data-element_type=\"widget\" data-e-type=\"widget\" data-widget_type=\"heading.default\">\n\t\t\t\t<div class=\"elementor-widget-container\">\n\t\t\t\t\t<h3 class=\"elementor-heading-title elementor-size-default\">Nous pouvons vous aider dans la r\u00e9novation de votre salle de bain<\/h3>\t\t\t\t<\/div>\n\t\t\t\t<\/div>\n\t\t\t\t<div class=\"elementor-element elementor-element-aa69b45 elementor-widget elementor-widget-text-editor\" data-id=\"aa69b45\" data-element_type=\"widget\" data-e-type=\"widget\" data-widget_type=\"text-editor.default\">\n\t\t\t\t<div class=\"elementor-widget-container\">\n\t\t\t\t\t\t\t\t\t<p>Lorsque vous d\u00e9cidez d\u2019investir dans votre salle de bain, vous devez garder \u00e0 l\u2019esprit qu\u2019il s\u2019agit d\u2019un investissement. Toutes les mises \u00e0 niveau n\u2019offrent pas un retour positif. Une r\u00e9novation intelligente implique cependant de pr\u00e9voir une finition exceptionnelle.<\/p>\n<p><em>En r\u00e8gle g\u00e9n\u00e9rale, une salle de bain principale devrait co\u00fbter entre 5 et 10 % de la valeur de votre maison.<\/em><\/p>\n<p>Si vous souhaitez r\u00e9nover votre salle de bain, ne cherchez pas plus loin. Nous concevons, reconstruisons et r\u00e9novons votre salle de bain du d\u00e9but \u00e0 la fin. Nous travaillons uniquement avec des sous-traitants de confiance qui non seulement offrent la meilleure qualit\u00e9 de travail, mais garantissent \u00e9galement leur travail.<\/p>\n<p>Lorsque vous travaillez avec nous, vous b\u00e9n\u00e9ficiez d'une \u00e9quipe professionnelle \u00e0 votre service, capable de mener \u00e0 bien votre projet de A \u00e0 Z et d'avoir acc\u00e8s \u00e0 nos partenaires et fournisseurs qui offrent la plus haute qualit\u00e9, service et prix.<\/p>\n<p>Assurez-vous de <a href=\"https:\/\/carlyleconstruction.ca\/contact-us\/\">Contactez-nous<\/a> pour une consultation.<\/p>\t\t\t\t\t\t\t\t<\/div>\n\t\t\t\t<\/div>\n\t\t\t\t<section class=\"elementor-section elementor-inner-section elementor-element elementor-element-e05b584 elementor-section-content-middle elementor-section-boxed elementor-section-height-default elementor-section-height-default\" data-id=\"e05b584\" data-element_type=\"section\" data-e-type=\"section\">\n\t\t\t\t\t\t<div class=\"elementor-container elementor-column-gap-default\">\n\t\t\t\t\t<div class=\"elementor-column elementor-col-50 elementor-inner-column elementor-element elementor-element-510262b\" data-id=\"510262b\" data-element_type=\"column\" data-e-type=\"column\">\n\t\t\t<div class=\"elementor-widget-wrap elementor-element-populated\">\n\t\t\t\t\t\t<div class=\"elementor-element elementor-element-a1a5f2f elementor-widget__width-initial elementor-widget elementor-widget-image\" data-id=\"a1a5f2f\" data-element_type=\"widget\" data-e-type=\"widget\" data-widget_type=\"image.default\">\n\t\t\t\t<div class=\"elementor-widget-container\">\n\t\t\t\t\t\t\t\t\t\t\t\t\t\t\t<img loading=\"lazy\" decoding=\"async\" src=\"https:\/\/carlyleconstruction.ca\/wp-content\/uploads\/2021\/01\/Bathroom-Modern-2.1-1024x683.jpg\" height=\"534\" width=\"800\" srcset=\"https:\/\/carlyleconstruction.ca\/wp-content\/uploads\/2021\/01\/Bathroom-Modern-2.1-1024x683.jpg 1024w, https:\/\/carlyleconstruction.ca\/wp-content\/uploads\/2021\/01\/Bathroom-Modern-2.1-300x200.jpg 300w, https:\/\/carlyleconstruction.ca\/wp-content\/uploads\/2021\/01\/Bathroom-Modern-2.1-768x512.jpg 768w, https:\/\/carlyleconstruction.ca\/wp-content\/uploads\/2021\/01\/Bathroom-Modern-2.1-600x400.jpg 600w, https:\/\/carlyleconstruction.ca\/wp-content\/uploads\/2021\/01\/Bathroom-Modern-2.1.jpg 1200w\" sizes=\"(max-width: 800px) 100vw, 800px\" class=\"attachment-large size-large wp-image-2015 sp-no-webp\" alt=\"r\u00e9novation de salle de bain moderne, r\u00e9novation de salle de bain moderne\"> \t\t\t\t\t\t\t\t\t\t\t\t\t\t\t<\/div>\n\t\t\t\t<\/div>\n\t\t\t\t\t<\/div>\n\t\t<\/div>\n\t\t\t\t<div class=\"elementor-column elementor-col-50 elementor-inner-column elementor-element elementor-element-3deb11e\" data-id=\"3deb11e\" data-element_type=\"column\" data-e-type=\"column\">\n\t\t\t<div class=\"elementor-widget-wrap elementor-element-populated\">\n\t\t\t\t\t\t<div class=\"elementor-element elementor-element-42997df elementor-widget__width-initial elementor-widget elementor-widget-image\" data-id=\"42997df\" data-element_type=\"widget\" data-e-type=\"widget\" data-widget_type=\"image.default\">\n\t\t\t\t<div class=\"elementor-widget-container\">\n\t\t\t\t\t\t\t\t\t\t\t\t\t\t\t<img loading=\"lazy\" decoding=\"async\" src=\"https:\/\/carlyleconstruction.ca\/wp-content\/uploads\/2021\/01\/Bathroom-Powder-Room-1.1-480x720.jpg\" height=\"720\" width=\"480\" srcset=\"https:\/\/carlyleconstruction.ca\/wp-content\/uploads\/2021\/01\/Bathroom-Powder-Room-1.1-480x720.jpg 480w, https:\/\/carlyleconstruction.ca\/wp-content\/uploads\/2021\/01\/Bathroom-Powder-Room-1.1-200x300.jpg 200w, https:\/\/carlyleconstruction.ca\/wp-content\/uploads\/2021\/01\/Bathroom-Powder-Room-1.1-768x1152.jpg 768w, https:\/\/carlyleconstruction.ca\/wp-content\/uploads\/2021\/01\/Bathroom-Powder-Room-1.1-600x900.jpg 600w, https:\/\/carlyleconstruction.ca\/wp-content\/uploads\/2021\/01\/Bathroom-Powder-Room-1.1.jpg 800w\" sizes=\"(max-width: 480px) 100vw, 480px\" class=\"attachment-large size-large wp-image-2017 sp-no-webp\" alt=\"bathroom renovation small powder room, r\u00e9novation de salle de bain petite salle d&#039;eau\"> \t\t\t\t\t\t\t\t\t\t\t\t\t\t\t<\/div>\n\t\t\t\t<\/div>\n\t\t\t\t\t<\/div>\n\t\t<\/div>\n\t\t\t\t\t<\/div>\n\t\t<\/section>\n\t\t\t\t<section class=\"elementor-section elementor-inner-section elementor-element elementor-element-a66136e elementor-section-content-middle elementor-section-boxed elementor-section-height-default elementor-section-height-default\" data-id=\"a66136e\" data-element_type=\"section\" data-e-type=\"section\">\n\t\t\t\t\t\t<div class=\"elementor-container elementor-column-gap-default\">\n\t\t\t\t\t<div class=\"elementor-column elementor-col-50 elementor-inner-column elementor-element elementor-element-65d35fc\" data-id=\"65d35fc\" data-element_type=\"column\" data-e-type=\"column\">\n\t\t\t<div class=\"elementor-widget-wrap elementor-element-populated\">\n\t\t\t\t\t\t<div class=\"elementor-element elementor-element-60f568f elementor-widget__width-initial elementor-widget elementor-widget-image\" data-id=\"60f568f\" data-element_type=\"widget\" data-e-type=\"widget\" data-widget_type=\"image.default\">\n\t\t\t\t<div class=\"elementor-widget-container\">\n\t\t\t\t\t\t\t\t\t\t\t\t\t\t\t<img loading=\"lazy\" decoding=\"async\" src=\"https:\/\/carlyleconstruction.ca\/wp-content\/uploads\/2021\/01\/Bathroom-Institutional-1.1-1024x683.jpg\" height=\"534\" width=\"800\" srcset=\"https:\/\/carlyleconstruction.ca\/wp-content\/uploads\/2021\/01\/Bathroom-Institutional-1.1-1024x683.jpg 1024w, https:\/\/carlyleconstruction.ca\/wp-content\/uploads\/2021\/01\/Bathroom-Institutional-1.1-300x200.jpg 300w, https:\/\/carlyleconstruction.ca\/wp-content\/uploads\/2021\/01\/Bathroom-Institutional-1.1-768x512.jpg 768w, https:\/\/carlyleconstruction.ca\/wp-content\/uploads\/2021\/01\/Bathroom-Institutional-1.1-600x400.jpg 600w, https:\/\/carlyleconstruction.ca\/wp-content\/uploads\/2021\/01\/Bathroom-Institutional-1.1.jpg 1200w\" sizes=\"(max-width: 800px) 100vw, 800px\" class=\"attachment-large size-large wp-image-2014 sp-no-webp\" alt=\"bureau de r\u00e9novation de salle de bain, bureau de r\u00e9novation de salle de bain\"> \t\t\t\t\t\t\t\t\t\t\t\t\t\t\t<\/div>\n\t\t\t\t<\/div>\n\t\t\t\t\t<\/div>\n\t\t<\/div>\n\t\t\t\t<div class=\"elementor-column elementor-col-50 elementor-inner-column elementor-element elementor-element-6eda186\" data-id=\"6eda186\" data-element_type=\"column\" data-e-type=\"column\">\n\t\t\t<div class=\"elementor-widget-wrap elementor-element-populated\">\n\t\t\t\t\t\t<div class=\"elementor-element elementor-element-1b7fe2c elementor-widget elementor-widget-image\" data-id=\"1b7fe2c\" data-element_type=\"widget\" data-e-type=\"widget\" data-widget_type=\"image.default\">\n\t\t\t\t<div class=\"elementor-widget-container\">\n\t\t\t\t\t\t\t\t\t\t\t\t\t\t\t<img loading=\"lazy\" decoding=\"async\" src=\"https:\/\/carlyleconstruction.ca\/wp-content\/uploads\/2021\/01\/Bathroom-Institutional-2.1-1024x683.jpg\" height=\"534\" width=\"800\" srcset=\"https:\/\/carlyleconstruction.ca\/wp-content\/uploads\/2021\/01\/Bathroom-Institutional-2.1-1024x683.jpg 1024w, https:\/\/carlyleconstruction.ca\/wp-content\/uploads\/2021\/01\/Bathroom-Institutional-2.1-300x200.jpg 300w, https:\/\/carlyleconstruction.ca\/wp-content\/uploads\/2021\/01\/Bathroom-Institutional-2.1-768x512.jpg 768w, https:\/\/carlyleconstruction.ca\/wp-content\/uploads\/2021\/01\/Bathroom-Institutional-2.1-600x400.jpg 600w, https:\/\/carlyleconstruction.ca\/wp-content\/uploads\/2021\/01\/Bathroom-Institutional-2.1.jpg 1200w\" sizes=\"(max-width: 800px) 100vw, 800px\" class=\"attachment-large size-large wp-image-2016 sp-no-webp\" alt=\"r\u00e9novation de salle de bain institutionnelle, r\u00e9novation de salle de bain institutionnelle\"> \t\t\t\t\t\t\t\t\t\t\t\t\t\t\t<\/div>\n\t\t\t\t<\/div>\n\t\t\t\t\t<\/div>\n\t\t<\/div>\n\t\t\t\t\t<\/div>\n\t\t<\/section>\n\t\t\t\t\t<\/div>\n\t\t<\/div>\n\t\t\t\t\t<\/div>\n\t\t<\/section>\n\t\t\t\t<\/div>","protected":false},"excerpt":{"rendered":"<p>Bathroom Renovation Stakes of a bathroom renovation are high. They have to be hyper-functional and practical. And ideally, luxurious. They suffer from wear and tear and as times goes by and circumstances change, your priorities as homeowner change too. What once was a functional bathroom for a family with small children, might not work any [&hellip;]<\/p>\n","protected":false},"author":1,"featured_media":0,"parent":0,"menu_order":0,"comment_status":"closed","ping_status":"closed","template":"elementor_header_footer","meta":{"footnotes":""},"class_list":["post-1830","page","type-page","status-publish","hentry"],"aioseo_notices":[],"_links":{"self":[{"href":"https:\/\/carlyleconstruction.ca\/fr\/wp-json\/wp\/v2\/pages\/1830","targetHints":{"allow":["GET"]}}],"collection":[{"href":"https:\/\/carlyleconstruction.ca\/fr\/wp-json\/wp\/v2\/pages"}],"about":[{"href":"https:\/\/carlyleconstruction.ca\/fr\/wp-json\/wp\/v2\/types\/page"}],"author":[{"embeddable":true,"href":"https:\/\/carlyleconstruction.ca\/fr\/wp-json\/wp\/v2\/users\/1"}],"replies":[{"embeddable":true,"href":"https:\/\/carlyleconstruction.ca\/fr\/wp-json\/wp\/v2\/comments?post=1830"}],"version-history":[{"count":5,"href":"https:\/\/carlyleconstruction.ca\/fr\/wp-json\/wp\/v2\/pages\/1830\/revisions"}],"predecessor-version":[{"id":3377,"href":"https:\/\/carlyleconstruction.ca\/fr\/wp-json\/wp\/v2\/pages\/1830\/revisions\/3377"}],"wp:attachment":[{"href":"https:\/\/carlyleconstruction.ca\/fr\/wp-json\/wp\/v2\/media?parent=1830"}],"curies":[{"name":"wp","href":"https:\/\/api.w.org\/{rel}","templated":true}]}}