{"id":1838,"date":"2021-01-14T20:33:20","date_gmt":"2021-01-15T01:33:20","guid":{"rendered":"https:\/\/www.carlyleconstruction.ca\/?page_id=1838"},"modified":"2024-09-10T15:01:13","modified_gmt":"2024-09-10T20:01:13","slug":"agrandissement-de-la-maison","status":"publish","type":"page","link":"https:\/\/carlyleconstruction.ca\/fr\/home-addition\/","title":{"rendered":"Home Additions, Extensions &#038; Conversions"},"content":{"rendered":"<div data-elementor-type=\"wp-page\" data-elementor-id=\"1838\" class=\"elementor elementor-1838\" data-elementor-post-type=\"page\">\n\t\t\t\t\t\t<section class=\"elementor-section elementor-top-section elementor-element elementor-element-8bb744c elementor-section-full_width elementor-section-height-default elementor-section-height-default\" data-id=\"8bb744c\" data-element_type=\"section\" data-e-type=\"section\">\n\t\t\t\t\t\t<div class=\"elementor-container elementor-column-gap-default\">\n\t\t\t\t\t<div class=\"elementor-column elementor-col-100 elementor-top-column elementor-element elementor-element-83c2da1\" data-id=\"83c2da1\" data-element_type=\"column\" data-e-type=\"column\">\n\t\t\t<div class=\"elementor-widget-wrap elementor-element-populated\">\n\t\t\t\t\t\t<div class=\"elementor-element elementor-element-c607b99 elementor-widget__width-inherit elementor-widget elementor-widget-image\" data-id=\"c607b99\" data-element_type=\"widget\" data-e-type=\"widget\" data-widget_type=\"image.default\">\n\t\t\t\t<div class=\"elementor-widget-container\">\n\t\t\t\t\t\t\t\t\t\t\t\t\t\t\t<img fetchpriority=\"high\" decoding=\"async\" src=\"https:\/\/carlyleconstruction.ca\/wp-content\/uploads\/2021\/01\/Addition-Extension-1.1-1024x683.jpg\" height=\"534\" width=\"800\" srcset=\"https:\/\/carlyleconstruction.ca\/wp-content\/uploads\/2021\/01\/Addition-Extension-1.1-1024x683.jpg 1024w, https:\/\/carlyleconstruction.ca\/wp-content\/uploads\/2021\/01\/Addition-Extension-1.1-300x200.jpg 300w, https:\/\/carlyleconstruction.ca\/wp-content\/uploads\/2021\/01\/Addition-Extension-1.1-768x512.jpg 768w, https:\/\/carlyleconstruction.ca\/wp-content\/uploads\/2021\/01\/Addition-Extension-1.1-600x400.jpg 600w, https:\/\/carlyleconstruction.ca\/wp-content\/uploads\/2021\/01\/Addition-Extension-1.1.jpg 1200w\" sizes=\"(max-width: 800px) 100vw, 800px\" class=\"attachment-large size-large wp-image-1972 sp-no-webp\" alt=\"home addition home extension \/ ajout de la maison\"> \t\t\t\t\t\t\t\t\t\t\t\t\t\t\t<\/div>\n\t\t\t\t<\/div>\n\t\t\t\t<div class=\"elementor-element elementor-element-3899c4f elementor-widget elementor-widget-heading\" data-id=\"3899c4f\" data-element_type=\"widget\" data-e-type=\"widget\" data-widget_type=\"heading.default\">\n\t\t\t\t<div class=\"elementor-widget-container\">\n\t\t\t\t\t<h2 class=\"elementor-heading-title elementor-size-default\">Ajout de maison<\/h2>\t\t\t\t<\/div>\n\t\t\t\t<\/div>\n\t\t\t\t<div class=\"elementor-element elementor-element-3437559 elementor-widget elementor-widget-text-editor\" data-id=\"3437559\" data-element_type=\"widget\" data-e-type=\"widget\" data-widget_type=\"text-editor.default\">\n\t\t\t\t<div class=\"elementor-widget-container\">\n\t\t\t\t\t\t\t\t\t<p>Lorsque vos besoins changent et que vous avez besoin de plus d'espace, un agrandissement de maison ou la conversion d'un plex en chalet est une excellente fa\u00e7on de\u00a0<a href=\"https:\/\/gordonreese.com\/how-much-value-will-a-room-addition-bring-to-an-old-home\/\" target=\"_blank\" rel=\"noopener noreferrer nofollow\">augmenter sa valeur<\/a>\u00a0et obtenez l'espace de vie dont vous avez besoin. Nous pouvons vous aider \u00e0 rendre votre maison plus fonctionnelle, plus spacieuse et plus belle.<\/p><p>L'ajout d'un \u00e9tage, d'une mezzanine, d'un agrandissement de maison attenante ou la conversion de votre plex en maison unifamiliale devraient r\u00e9pondre \u00e0 vos attentes.\u00a0<a href=\"https:\/\/www.hgtv.com\/design\/remodel\/mechanical-systems\/questions-to-ask-before-adding-on\" target=\"_blank\" rel=\"noopener noreferrer nofollow\">plusieurs crit\u00e8res<\/a>. Vous devez tenir compte de vos r\u00e8glements municipaux.<\/p>\t\t\t\t\t\t\t\t<\/div>\n\t\t\t\t<\/div>\n\t\t\t\t<div class=\"elementor-element elementor-element-745aa2f elementor-widget__width-initial elementor-widget elementor-widget-image\" data-id=\"745aa2f\" data-element_type=\"widget\" data-e-type=\"widget\" data-widget_type=\"image.default\">\n\t\t\t\t<div class=\"elementor-widget-container\">\n\t\t\t\t\t\t\t\t\t\t\t\t\t\t\t<img decoding=\"async\" src=\"https:\/\/carlyleconstruction.ca\/wp-content\/uploads\/2021\/01\/Addition-Extension-2.1.jpg\" height=\"800\" width=\"1200\" srcset=\"https:\/\/carlyleconstruction.ca\/wp-content\/uploads\/2021\/01\/Addition-Extension-2.1.jpg 1200w, https:\/\/carlyleconstruction.ca\/wp-content\/uploads\/2021\/01\/Addition-Extension-2.1-300x200.jpg 300w, https:\/\/carlyleconstruction.ca\/wp-content\/uploads\/2021\/01\/Addition-Extension-2.1-1024x683.jpg 1024w, https:\/\/carlyleconstruction.ca\/wp-content\/uploads\/2021\/01\/Addition-Extension-2.1-768x512.jpg 768w, https:\/\/carlyleconstruction.ca\/wp-content\/uploads\/2021\/01\/Addition-Extension-2.1-600x400.jpg 600w\" sizes=\"(max-width: 1200px) 100vw, 1200px\" class=\"attachment-full size-full wp-image-2023 sp-no-webp\" alt=\"agrandissement de la maison salon salon, extension de la salle\"> \t\t\t\t\t\t\t\t\t\t\t\t\t\t\t<\/div>\n\t\t\t\t<\/div>\n\t\t\t\t<div class=\"elementor-element elementor-element-1b1f72b elementor-widget elementor-widget-heading\" data-id=\"1b1f72b\" data-element_type=\"widget\" data-e-type=\"widget\" data-widget_type=\"heading.default\">\n\t\t\t\t<div class=\"elementor-widget-container\">\n\t\t\t\t\t<h3 class=\"elementor-heading-title elementor-size-default\">Ce que vous devez garder \u00e0 l\u2019esprit avant d\u2019effectuer un ajout ou une conversion de maison<\/h3>\t\t\t\t<\/div>\n\t\t\t\t<\/div>\n\t\t\t\t<div class=\"elementor-element elementor-element-cc65214 elementor-widget elementor-widget-text-editor\" data-id=\"cc65214\" data-element_type=\"widget\" data-e-type=\"widget\" data-widget_type=\"text-editor.default\">\n\t\t\t\t<div class=\"elementor-widget-container\">\n\t\t\t\t\t\t\t\t\t<p>Chaque ajout ou conversion doit \u00eatre en harmonie avec le reste de votre maison et votre quartier. Cela devrait \u00eatre conforme au code. Dans de nombreux cas, d\u2019autres parties de votre maison devront \u00e9galement \u00eatre r\u00e9nov\u00e9es.<\/p><p>Chaque municipalit\u00e9 est diff\u00e9rente. Les r\u00e8gles et crit\u00e8res d'ajout sont complexes et constamment mis \u00e0 jour. Obtenir les permis peut \u00eatre difficile et long. Il est donc important que vous obteniez des conseils professionnels avant de d\u00e9penser de l\u2019argent dans la conception.<\/p>\t\t\t\t\t\t\t\t<\/div>\n\t\t\t\t<\/div>\n\t\t\t\t<div class=\"elementor-element elementor-element-8615e0a elementor-widget elementor-widget-image\" data-id=\"8615e0a\" data-element_type=\"widget\" data-e-type=\"widget\" data-widget_type=\"image.default\">\n\t\t\t\t<div class=\"elementor-widget-container\">\n\t\t\t\t\t\t\t\t\t\t\t\t\t\t\t<img decoding=\"async\" src=\"https:\/\/carlyleconstruction.ca\/wp-content\/uploads\/2021\/01\/Addition-Extension-3.1.jpg\" height=\"800\" width=\"1200\" srcset=\"https:\/\/carlyleconstruction.ca\/wp-content\/uploads\/2021\/01\/Addition-Extension-3.1.jpg 1200w, https:\/\/carlyleconstruction.ca\/wp-content\/uploads\/2021\/01\/Addition-Extension-3.1-300x200.jpg 300w, https:\/\/carlyleconstruction.ca\/wp-content\/uploads\/2021\/01\/Addition-Extension-3.1-1024x683.jpg 1024w, https:\/\/carlyleconstruction.ca\/wp-content\/uploads\/2021\/01\/Addition-Extension-3.1-768x512.jpg 768w, https:\/\/carlyleconstruction.ca\/wp-content\/uploads\/2021\/01\/Addition-Extension-3.1-600x400.jpg 600w\" sizes=\"(max-width: 1200px) 100vw, 1200px\" class=\"attachment-full size-full wp-image-2024 sp-no-webp\" alt=\"extension de maison, extension de maison\"> \t\t\t\t\t\t\t\t\t\t\t\t\t\t\t<\/div>\n\t\t\t\t<\/div>\n\t\t\t\t<div class=\"elementor-element elementor-element-af4db9c elementor-widget elementor-widget-heading\" data-id=\"af4db9c\" data-element_type=\"widget\" data-e-type=\"widget\" data-widget_type=\"heading.default\">\n\t\t\t\t<div class=\"elementor-widget-container\">\n\t\t\t\t\t<h3 class=\"elementor-heading-title elementor-size-default\">Notre valeur ajout\u00e9e pour votre projet d'agrandissement ou de conversion de maison<\/h3>\t\t\t\t<\/div>\n\t\t\t\t<\/div>\n\t\t\t\t<div class=\"elementor-element elementor-element-5df304e elementor-widget elementor-widget-text-editor\" data-id=\"5df304e\" data-element_type=\"widget\" data-e-type=\"widget\" data-widget_type=\"text-editor.default\">\n\t\t\t\t<div class=\"elementor-widget-container\">\n\t\t\t\t\t\t\t\t\t<p>Notre approche prend en compte tout ce qui pr\u00e9c\u00e8de. Nous travaillons en \u00e9troite collaboration avec le lobbyiste pour d\u00e9terminer ce qui sera le plus probablement accept\u00e9 par la ville avant de commencer. Une fois que nous avons une id\u00e9e claire de ce que nous sommes autoris\u00e9s \u00e0 faire, nous travaillons sur la conception pour pr\u00e9senter les options qui r\u00e9pondent \u00e0 vos besoins et \u00e0 votre budget. Nous pouvons ainsi raccourcir les d\u00e9lais d\u2019obtention des permis et \u00e9viter des co\u00fbts suppl\u00e9mentaires.<\/p><p>Nous proposons des solutions de conception-construction pour l\u2019agrandissement ou la conversion de votre maison. Lorsque vous travaillez avec Carlyle, vous b\u00e9n\u00e9ficiez d\u2019une consultation approfondie pour d\u00e9terminer vos besoins. Vous obtenez \u00e9galement des conseils professionnels sur ce qui ajoute ou non de la valeur de revente \u00e0 votre maison.<\/p>\t\t\t\t\t\t\t\t<\/div>\n\t\t\t\t<\/div>\n\t\t\t\t<div class=\"elementor-element elementor-element-f763aa0 elementor-widget elementor-widget-image\" data-id=\"f763aa0\" data-element_type=\"widget\" data-e-type=\"widget\" data-widget_type=\"image.default\">\n\t\t\t\t<div class=\"elementor-widget-container\">\n\t\t\t\t\t\t\t\t\t\t\t\t\t\t\t<img loading=\"lazy\" decoding=\"async\" width=\"1200\" height=\"800\" src=\"https:\/\/carlyleconstruction.ca\/wp-content\/uploads\/2021\/01\/Addition-Extension-4.1.jpg\" class=\"attachment-full size-full wp-image-2025\" alt=\"home addition framing, extension charpente\" srcset=\"https:\/\/carlyleconstruction.ca\/wp-content\/uploads\/2021\/01\/Addition-Extension-4.1.jpg 1200w, https:\/\/carlyleconstruction.ca\/wp-content\/uploads\/2021\/01\/Addition-Extension-4.1-300x200.jpg 300w, https:\/\/carlyleconstruction.ca\/wp-content\/uploads\/2021\/01\/Addition-Extension-4.1-1024x683.jpg 1024w, https:\/\/carlyleconstruction.ca\/wp-content\/uploads\/2021\/01\/Addition-Extension-4.1-768x512.jpg 768w, https:\/\/carlyleconstruction.ca\/wp-content\/uploads\/2021\/01\/Addition-Extension-4.1-600x400.jpg 600w\" sizes=\"(max-width: 1200px) 100vw, 1200px\" \/>\t\t\t\t\t\t\t\t\t\t\t\t\t\t\t<\/div>\n\t\t\t\t<\/div>\n\t\t\t\t<div class=\"elementor-element elementor-element-9be50c6 elementor-widget elementor-widget-heading\" data-id=\"9be50c6\" data-element_type=\"widget\" data-e-type=\"widget\" data-widget_type=\"heading.default\">\n\t\t\t\t<div class=\"elementor-widget-container\">\n\t\t\t\t\t<h3 class=\"elementor-heading-title elementor-size-default\">Notre processus<\/h3>\t\t\t\t<\/div>\n\t\t\t\t<\/div>\n\t\t\t\t<div class=\"elementor-element elementor-element-fa43ab2 elementor-widget elementor-widget-text-editor\" data-id=\"fa43ab2\" data-element_type=\"widget\" data-e-type=\"widget\" data-widget_type=\"text-editor.default\">\n\t\t\t\t<div class=\"elementor-widget-container\">\n\t\t\t\t\t\t\t\t\t<ul><li>Une inspection approfondie du site.<\/li><li>Consultation approfondie et conseils professionnels.<\/li><li>Recherche de r\u00e8glements municipaux.<\/li><li>Dessin conceptuel pour la demande de permis.<\/li><li>Dessins architecturaux et cachets d\u2019ing\u00e9nieur.<\/li><li>Dessins d\u2019ex\u00e9cution avec sp\u00e9cifications d\u00e9taill\u00e9es.<\/li><li>Budget d\u00e9taill\u00e9.<\/li><li>Travaux de construction et finitions.<\/li><li>Inspections de routine et communication constante avec votre PM.<\/li><li>Visite finale pour assurer votre totale satisfaction.<\/li><\/ul>\t\t\t\t\t\t\t\t<\/div>\n\t\t\t\t<\/div>\n\t\t\t\t<div class=\"elementor-element elementor-element-3a0d3e0 elementor-widget elementor-widget-image\" data-id=\"3a0d3e0\" data-element_type=\"widget\" data-e-type=\"widget\" data-widget_type=\"image.default\">\n\t\t\t\t<div class=\"elementor-widget-container\">\n\t\t\t\t\t\t\t\t\t\t\t\t\t\t\t<img loading=\"lazy\" decoding=\"async\" width=\"1200\" height=\"800\" src=\"https:\/\/carlyleconstruction.ca\/wp-content\/uploads\/2021\/01\/Extension-House-2.1.jpg\" class=\"attachment-full size-full wp-image-2027\" alt=\"pierre d&#039;agrandissement de maison, pierre d&#039;extension\" srcset=\"https:\/\/carlyleconstruction.ca\/wp-content\/uploads\/2021\/01\/Extension-House-2.1.jpg 1200w, https:\/\/carlyleconstruction.ca\/wp-content\/uploads\/2021\/01\/Extension-House-2.1-300x200.jpg 300w, https:\/\/carlyleconstruction.ca\/wp-content\/uploads\/2021\/01\/Extension-House-2.1-1024x683.jpg 1024w, https:\/\/carlyleconstruction.ca\/wp-content\/uploads\/2021\/01\/Extension-House-2.1-768x512.jpg 768w, https:\/\/carlyleconstruction.ca\/wp-content\/uploads\/2021\/01\/Extension-House-2.1-600x400.jpg 600w\" sizes=\"(max-width: 1200px) 100vw, 1200px\" \/>\t\t\t\t\t\t\t\t\t\t\t\t\t\t\t<\/div>\n\t\t\t\t<\/div>\n\t\t\t\t<div class=\"elementor-element elementor-element-b35e9e7 elementor-widget elementor-widget-heading\" data-id=\"b35e9e7\" data-element_type=\"widget\" data-e-type=\"widget\" data-widget_type=\"heading.default\">\n\t\t\t\t<div class=\"elementor-widget-container\">\n\t\t\t\t\t<h3 class=\"elementor-heading-title elementor-size-default\">Notre diff\u00e9rence<\/h3>\t\t\t\t<\/div>\n\t\t\t\t<\/div>\n\t\t\t\t<div class=\"elementor-element elementor-element-f95038e elementor-widget elementor-widget-text-editor\" data-id=\"f95038e\" data-element_type=\"widget\" data-e-type=\"widget\" data-widget_type=\"text-editor.default\">\n\t\t\t\t<div class=\"elementor-widget-container\">\n\t\t\t\t\t\t\t\t\t<p><span style=\"text-align: left;\">Nous travaillons uniquement avec des sous-traitants et des lobbyistes de confiance qui ajoutent de la valeur \u00e0 nos clients. En cons\u00e9quence, vous b\u00e9n\u00e9ficiez du meilleur service sous un m\u00eame toit.\u00a0<\/span><\/p><p><span style=\"text-align: left;\">Pour savoir ce que nous pouvons faire pour vous\u00a0<\/span><a style=\"background-color: #ffffff; text-align: left;\" href=\"https:\/\/carlyleconstruction.ca\/contact-us\/\">contactez-nous ici<\/a><span style=\"text-align: left;\">.<\/span><\/p>\t\t\t\t\t\t\t\t<\/div>\n\t\t\t\t<\/div>\n\t\t\t\t<section class=\"elementor-section elementor-inner-section elementor-element elementor-element-7d61da6 elementor-section-boxed elementor-section-height-default elementor-section-height-default\" data-id=\"7d61da6\" data-element_type=\"section\" data-e-type=\"section\">\n\t\t\t\t\t\t<div class=\"elementor-container elementor-column-gap-no\">\n\t\t\t\t\t<div class=\"elementor-column elementor-col-50 elementor-inner-column elementor-element elementor-element-a5abfc4\" data-id=\"a5abfc4\" data-element_type=\"column\" data-e-type=\"column\">\n\t\t\t<div class=\"elementor-widget-wrap elementor-element-populated\">\n\t\t\t\t\t\t<div class=\"elementor-element elementor-element-9951288 elementor-widget elementor-widget-image\" data-id=\"9951288\" data-element_type=\"widget\" data-e-type=\"widget\" data-widget_type=\"image.default\">\n\t\t\t\t<div class=\"elementor-widget-container\">\n\t\t\t\t\t\t\t\t\t\t\t\t\t\t\t<img loading=\"lazy\" decoding=\"async\" width=\"480\" height=\"720\" src=\"https:\/\/carlyleconstruction.ca\/wp-content\/uploads\/2021\/01\/Extension-House-3.1-480x720.jpg\" class=\"attachment-large size-large wp-image-2028\" alt=\"brique d&#039;agrandissement de maison, extension en brique\" srcset=\"https:\/\/carlyleconstruction.ca\/wp-content\/uploads\/2021\/01\/Extension-House-3.1-480x720.jpg 480w, https:\/\/carlyleconstruction.ca\/wp-content\/uploads\/2021\/01\/Extension-House-3.1-200x300.jpg 200w, https:\/\/carlyleconstruction.ca\/wp-content\/uploads\/2021\/01\/Extension-House-3.1-768x1152.jpg 768w, https:\/\/carlyleconstruction.ca\/wp-content\/uploads\/2021\/01\/Extension-House-3.1-600x900.jpg 600w, https:\/\/carlyleconstruction.ca\/wp-content\/uploads\/2021\/01\/Extension-House-3.1.jpg 800w\" sizes=\"(max-width: 480px) 100vw, 480px\" \/>\t\t\t\t\t\t\t\t\t\t\t\t\t\t\t<\/div>\n\t\t\t\t<\/div>\n\t\t\t\t\t<\/div>\n\t\t<\/div>\n\t\t\t\t<div class=\"elementor-column elementor-col-50 elementor-inner-column elementor-element elementor-element-8b44376\" data-id=\"8b44376\" data-element_type=\"column\" data-e-type=\"column\">\n\t\t\t<div class=\"elementor-widget-wrap elementor-element-populated\">\n\t\t\t\t\t\t<div class=\"elementor-element elementor-element-0faebe3 elementor-widget elementor-widget-image\" data-id=\"0faebe3\" data-element_type=\"widget\" data-e-type=\"widget\" data-widget_type=\"image.default\">\n\t\t\t\t<div class=\"elementor-widget-container\">\n\t\t\t\t\t\t\t\t\t\t\t\t\t\t\t<img loading=\"lazy\" decoding=\"async\" width=\"480\" height=\"720\" src=\"https:\/\/carlyleconstruction.ca\/wp-content\/uploads\/2021\/01\/Extension-House-4.1-480x720.jpg\" class=\"attachment-large size-large wp-image-2029\" alt=\"ajout de maison, extension de maison\" srcset=\"https:\/\/carlyleconstruction.ca\/wp-content\/uploads\/2021\/01\/Extension-House-4.1-480x720.jpg 480w, https:\/\/carlyleconstruction.ca\/wp-content\/uploads\/2021\/01\/Extension-House-4.1-200x300.jpg 200w, https:\/\/carlyleconstruction.ca\/wp-content\/uploads\/2021\/01\/Extension-House-4.1-768x1152.jpg 768w, https:\/\/carlyleconstruction.ca\/wp-content\/uploads\/2021\/01\/Extension-House-4.1-600x900.jpg 600w, https:\/\/carlyleconstruction.ca\/wp-content\/uploads\/2021\/01\/Extension-House-4.1.jpg 800w\" sizes=\"(max-width: 480px) 100vw, 480px\" \/>\t\t\t\t\t\t\t\t\t\t\t\t\t\t\t<\/div>\n\t\t\t\t<\/div>\n\t\t\t\t\t<\/div>\n\t\t<\/div>\n\t\t\t\t\t<\/div>\n\t\t<\/section>\n\t\t\t\t\t<\/div>\n\t\t<\/div>\n\t\t\t\t\t<\/div>\n\t\t<\/section>\n\t\t\t\t<\/div>","protected":false},"excerpt":{"rendered":"<p>Home Addition and Conversion When your needs change and you need more space, a home addition or converting a plex into a cottage is a great way to\u00a0increase the its value\u00a0and get the living area you need. We can help make your home more functional, spacious and beautiful. Adding a story, a mezzanine, an attached [&hellip;]<\/p>\n","protected":false},"author":1,"featured_media":0,"parent":0,"menu_order":0,"comment_status":"closed","ping_status":"closed","template":"elementor_header_footer","meta":{"footnotes":""},"class_list":["post-1838","page","type-page","status-publish","hentry"],"aioseo_notices":[],"_links":{"self":[{"href":"https:\/\/carlyleconstruction.ca\/fr\/wp-json\/wp\/v2\/pages\/1838","targetHints":{"allow":["GET"]}}],"collection":[{"href":"https:\/\/carlyleconstruction.ca\/fr\/wp-json\/wp\/v2\/pages"}],"about":[{"href":"https:\/\/carlyleconstruction.ca\/fr\/wp-json\/wp\/v2\/types\/page"}],"author":[{"embeddable":true,"href":"https:\/\/carlyleconstruction.ca\/fr\/wp-json\/wp\/v2\/users\/1"}],"replies":[{"embeddable":true,"href":"https:\/\/carlyleconstruction.ca\/fr\/wp-json\/wp\/v2\/comments?post=1838"}],"version-history":[{"count":5,"href":"https:\/\/carlyleconstruction.ca\/fr\/wp-json\/wp\/v2\/pages\/1838\/revisions"}],"predecessor-version":[{"id":3380,"href":"https:\/\/carlyleconstruction.ca\/fr\/wp-json\/wp\/v2\/pages\/1838\/revisions\/3380"}],"wp:attachment":[{"href":"https:\/\/carlyleconstruction.ca\/fr\/wp-json\/wp\/v2\/media?parent=1838"}],"curies":[{"name":"wp","href":"https:\/\/api.w.org\/{rel}","templated":true}]}}