{"id":2240,"date":"2021-02-16T15:58:51","date_gmt":"2021-02-16T20:58:51","guid":{"rendered":"https:\/\/www.carlyleconstruction.ca\/?page_id=2240"},"modified":"2024-03-19T14:00:12","modified_gmt":"2024-03-19T19:00:12","slug":"faq","status":"publish","type":"page","link":"https:\/\/carlyleconstruction.ca\/fr\/faq\/","title":{"rendered":"FAQ"},"content":{"rendered":"<div data-elementor-type=\"wp-page\" data-elementor-id=\"2240\" class=\"elementor elementor-2240\" data-elementor-post-type=\"page\">\n\t\t\t\t\t\t<section class=\"elementor-section elementor-top-section elementor-element elementor-element-229d2da elementor-section-full_width elementor-section-height-default elementor-section-height-default\" data-id=\"229d2da\" data-element_type=\"section\" data-e-type=\"section\">\n\t\t\t\t\t\t<div class=\"elementor-container elementor-column-gap-default\">\n\t\t\t\t\t<div class=\"elementor-column elementor-col-100 elementor-top-column elementor-element elementor-element-95b5441\" data-id=\"95b5441\" data-element_type=\"column\" data-e-type=\"column\">\n\t\t\t<div class=\"elementor-widget-wrap elementor-element-populated\">\n\t\t\t\t\t\t<div class=\"elementor-element elementor-element-465eb64 elementor-widget elementor-widget-heading\" data-id=\"465eb64\" data-element_type=\"widget\" data-e-type=\"widget\" data-widget_type=\"heading.default\">\n\t\t\t\t<div class=\"elementor-widget-container\">\n\t\t\t\t\t<h2 class=\"elementor-heading-title elementor-size-default\">Questions fr\u00e9quemment pos\u00e9es<\/h2>\t\t\t\t<\/div>\n\t\t\t\t<\/div>\n\t\t\t\t<div class=\"elementor-element elementor-element-434c24d elementor-widget elementor-widget-text-editor\" data-id=\"434c24d\" data-element_type=\"widget\" data-e-type=\"widget\" data-widget_type=\"text-editor.default\">\n\t\t\t\t<div class=\"elementor-widget-container\">\n\t\t\t\t\t\t\t\t\t<p><strong class=\"schema-faq-question\">De quelles informations avez-vous besoin pour nous faire un devis?<\/strong><\/p>\n<div id=\"faq-question-1611779209439\" class=\"schema-faq-section\">\n<div class=\"schema-faq wp-block-yoast-faq-block\">\n<div id=\"faq-question-1611778617740\" class=\"schema-faq-section\">\n<p class=\"schema-faq-answer\">Cela d\u00e9pend de la port\u00e9e de votre projet. Tous les plans que vous avez sont toujours utiles pour une estimation approximative. Pour un devis final, nous avons besoin d\u2019un ensemble complet de plans de construction d\u00e9taill\u00e9s.<\/p>\n<p class=\"schema-faq-answer\"><br><\/p>\n<p><\/p>\n<\/div>\n<div id=\"faq-question-1611779209439\" class=\"schema-faq-section\">\n<p><strong class=\"schema-faq-question\">Comment se d\u00e9roule votre processus de facturation?<\/strong><\/p>\n<p class=\"schema-faq-answer\">Nous avons besoin d\u2019un acompte avant le d\u00e9but des travaux pour r\u00e9server votre projet. Cela servira \u00e0 acheter du mat\u00e9riel et \u00e0 engager des sous-traitants. Une fois votre projet d\u00e9marr\u00e9, nous facturerons r\u00e9guli\u00e8rement en fonction de l\u2019avancement du projet.<\/p>\n<p class=\"schema-faq-answer\"><br><\/p>\n<p><\/p>\n<\/div>\n<div id=\"faq-question-1611780392956\" class=\"schema-faq-section\">\n<p><strong class=\"schema-faq-question\">Resterez-vous dans le budget?<\/strong><\/p>\n<p class=\"schema-faq-answer\">Notre objectif est de respecter votre budget. Lorsque nous citons un projet avec des <strong><em>plans de construction d\u00e9taill\u00e9s,<\/em><\/strong>nous respectons g\u00e9n\u00e9ralement le budget, sauf s\u2019il y a des <strong>avenants.<\/strong>.<\/p>\n<p>Les deux principales raisons d\u2019un <strong>avenant<\/strong> sont: 1) Demande de nos clients, architectes, designers, ing\u00e9nieurs ou ville; et, 2) les modifications de la port\u00e9e des travaux \u00e0 partir d\u2019\u00e9l\u00e9ments qui n\u2019auraient pas pu \u00eatre identifi\u00e9s au moment de la r\u00e9daction de la proposition, tels que: les probl\u00e8mes structurels visibles uniquement apr\u00e8s l\u2019ouverture d\u2019un mur, la moisissure, l\u2019infiltration, etc., ou tout ce qui doit \u00eatre adress\u00e9 pour mettre le projet au code.<\/p>\n<p><br><\/p>\n<p><\/p>\n<\/div>\n<div id=\"faq-question-1612547082423\" class=\"schema-faq-section\">\n<p><strong class=\"schema-faq-question\">How do I pay you?<\/strong><\/p>\n<p class=\"schema-faq-answer\">You can pay by cheque or e-transfer. We can also provide you with our banking information for EFT. All our invoices are due on receipt.<\/p>\n<p class=\"schema-faq-answer\"><br><\/p>\n<p><\/p>\n<\/div>\n<div id=\"faq-question-1612547146712\" class=\"schema-faq-section\">\n<p><strong class=\"schema-faq-question\">Do you have an in-house design team?<\/strong><\/p>\n<p class=\"schema-faq-answer\">We offer design-build services. Depending on the scope of your project, we either prepare the design in-house or collaborate with trusted architects and designers. On both cases, we remain your main point of contact to facilitate the communication and manage the process.<\/p>\n<p class=\"schema-faq-answer\"><br><\/p>\n<p><\/p>\n<\/div>\n<div id=\"faq-question-1612547589803\" class=\"schema-faq-section\">\n<p><strong class=\"schema-faq-question\">Will you respect the timeline?<\/strong><\/p>\n<p class=\"schema-faq-answer\">We understand that the delivery of your project is one of the most important aspects for our clients. When we estimate your project, we also provide you with a reasonable and realistic timeline. Unless there are changes to the scope of your project or factors out of our control, we usually adhere to our timeline.<\/p>\n<p class=\"schema-faq-answer\"><br><\/p>\n<p><\/p>\n<\/div>\n<div id=\"faq-question-1612547738173\" class=\"schema-faq-section\">\n<p><strong class=\"schema-faq-question\">Can I hire you for just a portion of the works?<\/strong><\/p>\n<p class=\"schema-faq-answer\">We do not do portions of a project unless it&#8217;s only structural.<\/p>\n<p class=\"schema-faq-answer\"><br><\/p>\n<p><\/p>\n<\/div>\n<div id=\"faq-question-1612547965774\" class=\"schema-faq-section\">\n<p><strong class=\"schema-faq-question\">Can I use my workers?<\/strong><\/p>\n<p class=\"schema-faq-answer\">No. When we take on a project, we are responsible of its safety, quality, cost and time. We only work with subcontractors that we know and vetted.<\/p>\n<p class=\"schema-faq-answer\"><br><\/p>\n<p><\/p>\n<\/div>\n<div id=\"faq-question-1612548214909\" class=\"schema-faq-section\">\n<p><strong class=\"schema-faq-question\">How long does it takes to get an estimate?<\/strong><\/p>\n<p class=\"schema-faq-answer\">Estimates take between 2 and 4 weeks. This is the time needed for us and for the trades to review your plans, ask questions and collate the final price.<\/p>\n<p class=\"schema-faq-answer\"><br><\/p>\n<p><\/p>\n<\/div>\n<div id=\"faq-question-1612548319930\" class=\"schema-faq-section\">\n<p><strong class=\"schema-faq-question\">Do I need a permit for a renovation project?<\/strong><\/p>\n<p class=\"schema-faq-answer\">Yes. The city requires a permit for all renovation projects. You can only do small repairs and regular maintenance to your home without a permit.<\/p>\n<p class=\"schema-faq-answer\"><br><\/p>\n<p><\/p>\n<\/div>\n<div id=\"faq-question-1612548504974\" class=\"schema-faq-section\">\n<p><strong class=\"schema-faq-question\">Do you save dates?<\/strong><\/p>\n<p class=\"schema-faq-answer\">We work on a first-come, first-served basis. As soon as your deposit is received, we will schedule a team for your project.<\/p>\n<p class=\"schema-faq-answer\"><br><\/p>\n<p><\/p>\n<\/div>\n<div id=\"faq-question-1612548736840\" class=\"schema-faq-section\">\n<p><strong class=\"schema-faq-question\">Can I stay at home during the works?<\/strong><\/p>\n<p class=\"schema-faq-answer\">Renovations are very messy and loud, start early and finish late. Trades and deliveries come in and out. Running water and electricity might be cut during the day, etc.<br>We always suggest to our clients to move out during the renovations, but we also understand the cost implications of such.<br>Depending on the scope of the work, you might be able to stay in your home, but consider the renovations area as <strong>off limits<\/strong> as it is our responsibility to maintain a safe, clean site for both the trades and client.<\/p>\n<p class=\"schema-faq-answer\"><br><\/p>\n<p><\/p>\n<\/div>\n<div id=\"faq-question-1612548865343\" class=\"schema-faq-section\">\n<p><strong class=\"schema-faq-question\">What do you do about dust and noise?<\/strong><\/p>\n<p class=\"schema-faq-answer\">Dust and noise are unavoidable during the renovation. We install plastic to minimize dust and floor protection will go down to try and protect the floors. These items will stay during the entire project. At the end of the project we will do a light cleaning of the area.<br>Deep cleaning is necessity after a project including vents, HVAC, carpets, windows, etc. This is <strong>not<\/strong> included in your contract, as we are not a cleaning company. You will need to hire a specialized cleaning company.<\/p>\n<p class=\"schema-faq-answer\"><br><\/p>\n<p><\/p>\n<\/div>\n<div id=\"faq-question-1612549535959\" class=\"schema-faq-section\">\n<p><strong class=\"schema-faq-question\">How many trades will work at the same time?<\/strong><\/p>\n<p class=\"schema-faq-answer\">There are a maximum of 2 trades on site at any one time.<\/p>\n<p class=\"schema-faq-answer\"><br><\/p>\n<p><\/p>\n<\/div>\n<div id=\"faq-question-1612549618593\" class=\"schema-faq-section\">\n<p><strong class=\"schema-faq-question\">What are your working hours?<\/strong><\/p>\n<p class=\"schema-faq-answer\">We will need the site from 07:00 to 17:00 from Monday to Friday. Please note that you might receive 3rd party deliveries off-hours.<\/p>\n<p class=\"schema-faq-answer\"><br><\/p>\n<p><\/p>\n<\/div>\n<div id=\"faq-question-1612549589273\" class=\"schema-faq-section\">\n<p><strong class=\"schema-faq-question\">Do you work weekends?<\/strong><\/p>\n<p class=\"schema-faq-answer\">We do not work weekends unless it is an emergency.<\/p>\n<p class=\"schema-faq-answer\"><br><\/p>\n<p><\/p>\n<\/div>\n<div id=\"faq-question-1612549760905\" class=\"schema-faq-section\">\n<p><strong class=\"schema-faq-question\">Do you need additional storage space?<\/strong><\/p>\n<p class=\"schema-faq-answer\">We need a dedicated garbage area and an area we to place the toilet.<\/p>\n<p class=\"schema-faq-answer\"><br><\/p>\n<p><\/p>\n<\/div>\n<div id=\"faq-question-1612549827194\" class=\"schema-faq-section\">\n<p><strong class=\"schema-faq-question\">Will you move my furniture before the renovation?<\/strong><\/p>\n<p class=\"schema-faq-answer\">We are not a licensed moving company and we do not carry insurance for moving furniture. We can certainly subcontract one for you if you choose.<br>You must asses what need to be moved out in order for us to work properly.<\/p>\n<p class=\"schema-faq-answer\"><br><\/p>\n<p><\/p>\n<\/div>\n<div id=\"faq-question-1612550061965\" class=\"schema-faq-section\">\n<p><strong class=\"schema-faq-question\">What is a Change Order?<\/strong><\/p>\n<p class=\"schema-faq-answer\">A Change Order or (CO) is a change in the scope of the project. This could be to include an item that was not previously contemplated or to remove one. Change orders are issued and added to a signed contract. They might change the final cost of the project and its timeline. They can also be estimated in advance when there is enough information available or billed on a cost-plus basis.<\/p>\n<p class=\"schema-faq-answer\"><br><\/p>\n<p><\/p>\n<\/div>\n<div id=\"faq-question-1612550415264\" class=\"schema-faq-section\">\n<p><strong class=\"schema-faq-question\">Who is my main contact?<\/strong><\/p>\n<p class=\"schema-faq-answer\">To facilitate the communication please contact:<br><strong>Matt Tennant<\/strong>, for anything related to the project, trades and subcontractors. He will supervise your job and make sure all tech issues are addressed and rectified.<br><em>It is very important that you don&#8217;t discuss any items pertaining your project directly with the trades <strong>but contact Matt<\/strong>. The workers are not familiarized with your project, budget, timelines and other trades involved and might give you erroneous information. We also had instances in which they misunderstand our clients resulting in changes to the scope of the work and cost.<\/em><br><strong>Bill Karam<\/strong>, will be your contact for anything related to sales and customer service.<br><strong>Mich Laursen<\/strong>, will be your contact for billing and payments.<\/p>\n<p class=\"schema-faq-answer\"><br><\/p>\n<p><\/p>\n<\/div>\n<div id=\"faq-question-1612551065264\" class=\"schema-faq-section\">\n<p><strong class=\"schema-faq-question\">What is a Fixed Cost project?<\/strong><\/p>\n<p class=\"schema-faq-answer\">We refer to Fixed Cost when we estimate your project using detailed construction plans. We then, cost each item and determine the budget. When you accept the proposal and signed it, the budget should not change unless there are Change Orders (CO) or extraordinary circumstances. For example, the price of the steel or lumber changed drastically and we are unable to source the material at the price when the budget was made.<\/p>\n<p class=\"schema-faq-answer\"><br><\/p>\n<p><\/p>\n<\/div>\n<div id=\"faq-question-1612551084421\" class=\"schema-faq-section\">\n<p><strong class=\"schema-faq-question\">What is a Cost-Plus project?<\/strong><\/p>\n<p class=\"schema-faq-answer\">In a Cost-Plus project, we bill the actual labour hours, subcontractor&#8217;s bills and materials plus an agreed upon mark-up to cover overhead and profit. We can provide you with a rough estimate of the cost of the project before your project starts, but this will remain variable.<\/p>\n<p class=\"schema-faq-answer\"><br><\/p>\n<p><\/p>\n<\/div>\n<div id=\"faq-question-1612551584022\" class=\"schema-faq-section\">\n<p><strong class=\"schema-faq-question\">Why you cannot use the plans I submitted for my city permit to give me a fixed cost budget?<\/strong><\/p>\n<p class=\"schema-faq-answer\">Plans for permits are not detailed construction plans as they only depict a layout of the floor and some items required as per code. As such, they miss important details that are needed to fully estimate your project.<br>Detailed construction plans include the material type, quality, position of the lights, switches, plugs, floors, HVAC, tile (including size and cuts), cabinets, faucets, sink, accessories, etc.<br>All these items have to be considered and their cost vary considerably.<br>Also, <strong><em>when construction plans are incomplete, there will be many Change Orders to fill in the gaps, resulting in added costs and delays in the timeframe.<\/em><\/strong><\/p>\n<p class=\"schema-faq-answer\"><strong><em><br><\/em><\/strong><\/p>\n<p><\/p>\n<\/div>\n<div id=\"faq-question-1612552802797\" class=\"schema-faq-section\">\n<p><strong class=\"schema-faq-question\">Why do you need an asbestos test report?<\/strong><\/p>\n<p class=\"schema-faq-answer\">It&#8217;s not possible to tell whether a material in you home contains asbestos simply by looking at it. The only way to tell is to have it tested by a qualified laboratory.<br>When materials in your home have asbestos presence, they will be disturbed and damaged during the renovation and its fibers become airborne. These fibers can be inhaled which present a health risk.<\/p>\n<p class=\"schema-faq-answer\"><br><\/p>\n<p><\/p>\n<\/div>\n<div id=\"faq-question-1612553804652\" class=\"schema-faq-section\">\n<p><strong class=\"schema-faq-question\">What should I do if the asbestos test comes positive?<\/strong><\/p>\n<p class=\"schema-faq-answer\">When the presence of asbestos is found, you should hire an asbestos contractor that is properly trained to handle asbestos before doing any renovation work. You should move out while it&#8217;s been removed. Only move in when you have the green light to do so. We can include this item if you choose to.<\/p>\n<\/div>\n<\/div>\n<\/div>\t\t\t\t\t\t\t\t<\/div>\n\t\t\t\t<\/div>\n\t\t\t\t\t<\/div>\n\t\t<\/div>\n\t\t\t\t\t<\/div>\n\t\t<\/section>\n\t\t\t\t<\/div>","protected":false},"excerpt":{"rendered":"<p>Frequently Asked Questions What information do you need to give us a quote? It depends on the scope of your project. Any plans you have are always helpful for a rough estimate. For a final quote, we need a full set of detailed construction plans. How is your billing process? We need a downpayment before [&hellip;]<\/p>\n","protected":false},"author":1,"featured_media":0,"parent":0,"menu_order":0,"comment_status":"closed","ping_status":"closed","template":"elementor_header_footer","meta":{"footnotes":""},"class_list":["post-2240","page","type-page","status-publish","hentry"],"aioseo_notices":[],"_links":{"self":[{"href":"https:\/\/carlyleconstruction.ca\/fr\/wp-json\/wp\/v2\/pages\/2240","targetHints":{"allow":["GET"]}}],"collection":[{"href":"https:\/\/carlyleconstruction.ca\/fr\/wp-json\/wp\/v2\/pages"}],"about":[{"href":"https:\/\/carlyleconstruction.ca\/fr\/wp-json\/wp\/v2\/types\/page"}],"author":[{"embeddable":true,"href":"https:\/\/carlyleconstruction.ca\/fr\/wp-json\/wp\/v2\/users\/1"}],"replies":[{"embeddable":true,"href":"https:\/\/carlyleconstruction.ca\/fr\/wp-json\/wp\/v2\/comments?post=2240"}],"version-history":[{"count":5,"href":"https:\/\/carlyleconstruction.ca\/fr\/wp-json\/wp\/v2\/pages\/2240\/revisions"}],"predecessor-version":[{"id":3150,"href":"https:\/\/carlyleconstruction.ca\/fr\/wp-json\/wp\/v2\/pages\/2240\/revisions\/3150"}],"wp:attachment":[{"href":"https:\/\/carlyleconstruction.ca\/fr\/wp-json\/wp\/v2\/media?parent=2240"}],"curies":[{"name":"wp","href":"https:\/\/api.w.org\/{rel}","templated":true}]}}