{"id":3073,"date":"2024-03-06T14:48:49","date_gmt":"2024-03-06T19:48:49","guid":{"rendered":"https:\/\/carlyleconstruction.ca\/?page_id=3073"},"modified":"2024-09-10T15:02:01","modified_gmt":"2024-09-10T20:02:01","slug":"ouverture-structurelle-2","status":"publish","type":"page","link":"https:\/\/carlyleconstruction.ca\/fr\/structural-opening\/","title":{"rendered":"Ouverture structurelle"},"content":{"rendered":"<div data-elementor-type=\"wp-page\" data-elementor-id=\"3073\" class=\"elementor elementor-3073\" data-elementor-post-type=\"page\">\n\t\t\t\t\t\t<section class=\"elementor-section elementor-top-section elementor-element elementor-element-55d1fb6 elementor-section-full_width elementor-section-height-default elementor-section-height-default\" data-id=\"55d1fb6\" data-element_type=\"section\" data-e-type=\"section\">\n\t\t\t\t\t\t<div class=\"elementor-container elementor-column-gap-default\">\n\t\t\t\t\t<div class=\"elementor-column elementor-col-100 elementor-top-column elementor-element elementor-element-163af94\" data-id=\"163af94\" data-element_type=\"column\" data-e-type=\"column\">\n\t\t\t<div class=\"elementor-widget-wrap elementor-element-populated\">\n\t\t\t\t\t\t<div class=\"elementor-element elementor-element-b8ad618 elementor-widget__width-inherit elementor-widget elementor-widget-image\" data-id=\"b8ad618\" data-element_type=\"widget\" data-e-type=\"widget\" data-widget_type=\"image.default\">\n\t\t\t\t<div class=\"elementor-widget-container\">\n\t\t\t\t\t\t\t\t\t\t\t\t\t\t\t<img fetchpriority=\"high\" decoding=\"async\" width=\"2400\" height=\"900\" src=\"https:\/\/carlyleconstruction.ca\/wp-content\/uploads\/2024\/03\/Structural-opening.webp\" class=\"attachment-full size-full wp-image-3077\" alt=\"Structural opening\" srcset=\"https:\/\/carlyleconstruction.ca\/wp-content\/uploads\/2024\/03\/Structural-opening.webp 2400w, https:\/\/carlyleconstruction.ca\/wp-content\/uploads\/2024\/03\/Structural-opening-300x113.webp 300w, https:\/\/carlyleconstruction.ca\/wp-content\/uploads\/2024\/03\/Structural-opening-1024x384.webp 1024w, https:\/\/carlyleconstruction.ca\/wp-content\/uploads\/2024\/03\/Structural-opening-768x288.webp 768w, https:\/\/carlyleconstruction.ca\/wp-content\/uploads\/2024\/03\/Structural-opening-1536x576.webp 1536w, https:\/\/carlyleconstruction.ca\/wp-content\/uploads\/2024\/03\/Structural-opening-2048x768.webp 2048w, https:\/\/carlyleconstruction.ca\/wp-content\/uploads\/2024\/03\/Structural-opening-600x225.webp 600w\" sizes=\"(max-width: 2400px) 100vw, 2400px\" \/>\t\t\t\t\t\t\t\t\t\t\t\t\t\t\t<\/div>\n\t\t\t\t<\/div>\n\t\t\t\t<div class=\"elementor-element elementor-element-10bde52 elementor-widget elementor-widget-heading\" data-id=\"10bde52\" data-element_type=\"widget\" data-e-type=\"widget\" data-widget_type=\"heading.default\">\n\t\t\t\t<div class=\"elementor-widget-container\">\n\t\t\t\t\t<h2 class=\"elementor-heading-title elementor-size-default\">Ouverture structurelle<\/h2>\t\t\t\t<\/div>\n\t\t\t\t<\/div>\n\t\t\t\t<div class=\"elementor-element elementor-element-91fdf4f elementor-widget elementor-widget-text-editor\" data-id=\"91fdf4f\" data-element_type=\"widget\" data-e-type=\"widget\" data-widget_type=\"text-editor.default\">\n\t\t\t\t<div class=\"elementor-widget-container\">\n\t\t\t\t\t\t\t\t\t<p>La tendance \u00e0 aire ouverte dans la conception de maisons est extr\u00eamement populaire pour de nombreuses et bonnes raisons. Cela change la fa\u00e7on dont nous utilisons et appr\u00e9cions nos maisons. Ouvrir votre espace de vie en supprimant les murs n\u2019est pas seulement une d\u00e9cision judicieuse, mais cela peut \u00e9galement augmenter la valeur de votre maison.<\/p><p><span style=\"font-family: var( --e-global-typography-text-font-family ), Sans-serif; font-weight: var( --e-global-typography-text-font-weight ); font-size: 18px; letter-spacing: 0px;\">En abattant les murs, vous aurez l'impression d'avoir plus d'espace dans votre maison. Cette approche est parfaite pour rendre les petites zones plus grandes et plus accueillantes. Il s\u2019agit de donner l\u2019illusion d\u2019un espace suppl\u00e9mentaire, ce qui est particuli\u00e8rement pr\u00e9cieux dans les villes o\u00f9 les maisons peuvent \u00eatre plus petites.<\/span><\/p><p>Les espaces ouverts laissent entrer plus de lumi\u00e8re naturelle puisqu\u2019il y a moins de murs pour bloquer le soleil. Cela permet non seulement d'\u00e9conomiser de l'\u00e9lectricit\u00e9 en r\u00e9duisant le besoin de lumi\u00e8re pendant la journ\u00e9e, mais am\u00e9liore \u00e9galement votre humeur. Qui n\u2019aime pas une pi\u00e8ce ensoleill\u00e9e ?<\/p><p><span style=\"font-family: var( --e-global-typography-text-font-family ), Sans-serif; font-weight: var( --e-global-typography-text-font-weight ); font-size: 18px; letter-spacing: 0px;\">De plus, un plan d\u2019\u00e9tage ouvert facilite les rencontres avec la famille et les amis. Vous pouvez cuisiner dans la cuisine tout en discutant avec les invit\u00e9s dans le salon. C\u2019est parfait pour les f\u00eates et rend les interactions quotidiennes plus agr\u00e9ables.<\/span><\/p><h3><span style=\"letter-spacing: 0px; text-align: inherit;\">Augmente la valeur de la maison<\/span><\/h3><p>Les maisons \u00e0 aire ouverte sont tr\u00e8s demand\u00e9es, ce qui les rend plus attrayantes pour les acheteurs. La sensation d'espace, la lumi\u00e8re naturelle accrue et les espaces de vie flexibles sont de gros arguments de vente. Cela peut signifier un prix plus \u00e9lev\u00e9 lorsque vous \u00eates pr\u00eat \u00e0 vendre.<\/p><p>En r\u00e9sum\u00e9, abattre les murs pour cr\u00e9er des espaces ouverts est une tendance qui va rester. Cela donne l\u2019impression que les maisons sont plus grandes, plus lumineuses et plus connect\u00e9es. De plus, cela peut augmenter consid\u00e9rablement la valeur de votre propri\u00e9t\u00e9. C\u2019est une situation gagnant-gagnant pour les propri\u00e9taires d\u2019aujourd\u2019hui.<\/p>\t\t\t\t\t\t\t\t<\/div>\n\t\t\t\t<\/div>\n\t\t\t\t\t<\/div>\n\t\t<\/div>\n\t\t\t\t\t<\/div>\n\t\t<\/section>\n\t\t\t\t<section class=\"elementor-section elementor-top-section elementor-element elementor-element-608c6d1 elementor-section-full_width elementor-section-height-default elementor-section-height-default\" data-id=\"608c6d1\" data-element_type=\"section\" data-e-type=\"section\">\n\t\t\t\t\t\t<div class=\"elementor-container elementor-column-gap-default\">\n\t\t\t\t\t<div class=\"elementor-column elementor-col-50 elementor-top-column elementor-element elementor-element-4072fcd\" data-id=\"4072fcd\" data-element_type=\"column\" data-e-type=\"column\">\n\t\t\t<div class=\"elementor-widget-wrap elementor-element-populated\">\n\t\t\t\t\t\t<div class=\"elementor-element elementor-element-95e2fa6 elementor-widget elementor-widget-image\" data-id=\"95e2fa6\" data-element_type=\"widget\" data-e-type=\"widget\" data-widget_type=\"image.default\">\n\t\t\t\t<div class=\"elementor-widget-container\">\n\t\t\t\t\t\t\t\t\t\t\t\t\t\t\t<img decoding=\"async\" width=\"800\" height=\"600\" src=\"https:\/\/carlyleconstruction.ca\/wp-content\/uploads\/2024\/03\/Opening-4-960x720.webp\" class=\"attachment-large size-large wp-image-3078\" alt=\"ouverture structurelle, ouverture structurelle\" srcset=\"https:\/\/carlyleconstruction.ca\/wp-content\/uploads\/2024\/03\/Opening-4-960x720.webp 960w, https:\/\/carlyleconstruction.ca\/wp-content\/uploads\/2024\/03\/Opening-4-300x225.webp 300w, https:\/\/carlyleconstruction.ca\/wp-content\/uploads\/2024\/03\/Opening-4-768x576.webp 768w, https:\/\/carlyleconstruction.ca\/wp-content\/uploads\/2024\/03\/Opening-4-1536x1152.webp 1536w, https:\/\/carlyleconstruction.ca\/wp-content\/uploads\/2024\/03\/Opening-4-2048x1536.webp 2048w, https:\/\/carlyleconstruction.ca\/wp-content\/uploads\/2024\/03\/Opening-4-600x450.webp 600w\" sizes=\"(max-width: 800px) 100vw, 800px\" \/>\t\t\t\t\t\t\t\t\t\t\t\t\t\t\t<\/div>\n\t\t\t\t<\/div>\n\t\t\t\t\t<\/div>\n\t\t<\/div>\n\t\t\t\t<div class=\"elementor-column elementor-col-50 elementor-top-column elementor-element elementor-element-350b94c\" data-id=\"350b94c\" data-element_type=\"column\" data-e-type=\"column\">\n\t\t\t<div class=\"elementor-widget-wrap elementor-element-populated\">\n\t\t\t\t\t\t<div class=\"elementor-element elementor-element-83798ae elementor-widget elementor-widget-image\" data-id=\"83798ae\" data-element_type=\"widget\" data-e-type=\"widget\" data-widget_type=\"image.default\">\n\t\t\t\t<div class=\"elementor-widget-container\">\n\t\t\t\t\t\t\t\t\t\t\t\t\t\t\t<img decoding=\"async\" width=\"800\" height=\"600\" src=\"https:\/\/carlyleconstruction.ca\/wp-content\/uploads\/2024\/03\/Opening-3-960x720.webp\" class=\"attachment-large size-large wp-image-3079\" alt=\"Ouverture structurelle apr\u00e8s, ouverture structurelle apr\u00e8s\" srcset=\"https:\/\/carlyleconstruction.ca\/wp-content\/uploads\/2024\/03\/Opening-3-960x720.webp 960w, https:\/\/carlyleconstruction.ca\/wp-content\/uploads\/2024\/03\/Opening-3-300x225.webp 300w, https:\/\/carlyleconstruction.ca\/wp-content\/uploads\/2024\/03\/Opening-3-768x576.webp 768w, https:\/\/carlyleconstruction.ca\/wp-content\/uploads\/2024\/03\/Opening-3-1536x1152.webp 1536w, https:\/\/carlyleconstruction.ca\/wp-content\/uploads\/2024\/03\/Opening-3-2048x1536.webp 2048w, https:\/\/carlyleconstruction.ca\/wp-content\/uploads\/2024\/03\/Opening-3-600x450.webp 600w\" sizes=\"(max-width: 800px) 100vw, 800px\" \/>\t\t\t\t\t\t\t\t\t\t\t\t\t\t\t<\/div>\n\t\t\t\t<\/div>\n\t\t\t\t\t<\/div>\n\t\t<\/div>\n\t\t\t\t\t<\/div>\n\t\t<\/section>\n\t\t\t\t<section class=\"elementor-section elementor-top-section elementor-element elementor-element-4628c79 elementor-section-full_width elementor-section-height-default elementor-section-height-default\" data-id=\"4628c79\" data-element_type=\"section\" data-e-type=\"section\">\n\t\t\t\t\t\t<div class=\"elementor-container elementor-column-gap-default\">\n\t\t\t\t\t<div class=\"elementor-column elementor-col-100 elementor-top-column elementor-element elementor-element-e512019\" data-id=\"e512019\" data-element_type=\"column\" data-e-type=\"column\">\n\t\t\t<div class=\"elementor-widget-wrap elementor-element-populated\">\n\t\t\t\t\t\t<div class=\"elementor-element elementor-element-2af55eb elementor-widget elementor-widget-heading\" data-id=\"2af55eb\" data-element_type=\"widget\" data-e-type=\"widget\" data-widget_type=\"heading.default\">\n\t\t\t\t<div class=\"elementor-widget-container\">\n\t\t\t\t\t<h3 class=\"elementor-heading-title elementor-size-default\">Points \u00e0 consid\u00e9rer lors de l\u2019ouverture d\u2019un mur<\/h3>\t\t\t\t<\/div>\n\t\t\t\t<\/div>\n\t\t\t\t<div class=\"elementor-element elementor-element-25d8acd elementor-widget elementor-widget-text-editor\" data-id=\"25d8acd\" data-element_type=\"widget\" data-e-type=\"widget\" data-widget_type=\"text-editor.default\">\n\t\t\t\t<div class=\"elementor-widget-container\">\n\t\t\t\t\t\t\t\t\t<p>Lorsque vous envisagez d\u2019ouvrir de l\u2019espace dans votre maison en abattant un mur, il est tr\u00e8s important de faire appel \u00e0 un entrepreneur professionnel.<\/p><h3>Int\u00e9grit\u00e9 structurelle<\/h3><p>La principale raison de faire appel \u00e0 un professionnel est de s\u2019assurer que votre maison reste solide. Certains murs sont cruciaux car ils soutiennent certaines parties de votre maison. Si vous en supprimez un sans savoir ce que vous faites, vous pourriez causer de graves dommages. Un entrepreneur professionnel sait comment d\u00e9terminer quels murs peuvent \u00eatre enlev\u00e9s en toute s\u00e9curit\u00e9 et comment le faire sans risquer la structure de votre maison.\u00a0<span style=\"font-family: var( --e-global-typography-text-font-family ), Sans-serif; font-weight: var( --e-global-typography-text-font-weight ); letter-spacing: 0px;\">Ceci est important pour que votre r\u00e9novation reste l\u00e9gale et s\u00fbre, et cela peut vous \u00e9viter des maux de t\u00eate au moment de vendre votre maison.<\/span><\/p>\t\t\t\t\t\t\t\t<\/div>\n\t\t\t\t<\/div>\n\t\t\t\t\t<\/div>\n\t\t<\/div>\n\t\t\t\t\t<\/div>\n\t\t<\/section>\n\t\t\t\t<section class=\"elementor-section elementor-top-section elementor-element elementor-element-780d2e1 elementor-section-full_width elementor-section-content-middle elementor-section-height-default elementor-section-height-default\" data-id=\"780d2e1\" data-element_type=\"section\" data-e-type=\"section\">\n\t\t\t\t\t\t<div class=\"elementor-container elementor-column-gap-default\">\n\t\t\t\t\t<div class=\"elementor-column elementor-col-33 elementor-top-column elementor-element elementor-element-af1484a\" data-id=\"af1484a\" data-element_type=\"column\" data-e-type=\"column\">\n\t\t\t<div class=\"elementor-widget-wrap elementor-element-populated\">\n\t\t\t\t\t\t<div class=\"elementor-element elementor-element-ade42ef elementor-widget elementor-widget-image\" data-id=\"ade42ef\" data-element_type=\"widget\" data-e-type=\"widget\" data-widget_type=\"image.default\">\n\t\t\t\t<div class=\"elementor-widget-container\">\n\t\t\t\t\t\t\t\t\t\t\t\t\t\t\t<img loading=\"lazy\" decoding=\"async\" width=\"720\" height=\"720\" src=\"https:\/\/carlyleconstruction.ca\/wp-content\/uploads\/2024\/03\/Opening-5-720x720.webp\" class=\"attachment-large size-large wp-image-3080\" alt=\"Colonne structurelle, colonne structurelle\" srcset=\"https:\/\/carlyleconstruction.ca\/wp-content\/uploads\/2024\/03\/Opening-5-720x720.webp 720w, https:\/\/carlyleconstruction.ca\/wp-content\/uploads\/2024\/03\/Opening-5-300x300.webp 300w, https:\/\/carlyleconstruction.ca\/wp-content\/uploads\/2024\/03\/Opening-5-150x150.webp 150w, https:\/\/carlyleconstruction.ca\/wp-content\/uploads\/2024\/03\/Opening-5-768x768.webp 768w, https:\/\/carlyleconstruction.ca\/wp-content\/uploads\/2024\/03\/Opening-5-230x230.webp 230w, https:\/\/carlyleconstruction.ca\/wp-content\/uploads\/2024\/03\/Opening-5-400x400.webp 400w, https:\/\/carlyleconstruction.ca\/wp-content\/uploads\/2024\/03\/Opening-5-600x600.webp 600w, https:\/\/carlyleconstruction.ca\/wp-content\/uploads\/2024\/03\/Opening-5-640x640.webp 640w, https:\/\/carlyleconstruction.ca\/wp-content\/uploads\/2024\/03\/Opening-5.webp 1200w\" sizes=\"(max-width: 720px) 100vw, 720px\" \/>\t\t\t\t\t\t\t\t\t\t\t\t\t\t\t<\/div>\n\t\t\t\t<\/div>\n\t\t\t\t\t<\/div>\n\t\t<\/div>\n\t\t\t\t<div class=\"elementor-column elementor-col-33 elementor-top-column elementor-element elementor-element-24bc9d3\" data-id=\"24bc9d3\" data-element_type=\"column\" data-e-type=\"column\">\n\t\t\t<div class=\"elementor-widget-wrap elementor-element-populated\">\n\t\t\t\t\t\t<div class=\"elementor-element elementor-element-2ba8bbd elementor-widget elementor-widget-image\" data-id=\"2ba8bbd\" data-element_type=\"widget\" data-e-type=\"widget\" data-widget_type=\"image.default\">\n\t\t\t\t<div class=\"elementor-widget-container\">\n\t\t\t\t\t\t\t\t\t\t\t\t\t\t\t<img loading=\"lazy\" decoding=\"async\" width=\"540\" height=\"720\" src=\"https:\/\/carlyleconstruction.ca\/wp-content\/uploads\/2024\/03\/Opening-1-540x720.webp\" class=\"attachment-large size-large wp-image-3081\" alt=\"Poutre structurelle,\" srcset=\"https:\/\/carlyleconstruction.ca\/wp-content\/uploads\/2024\/03\/Opening-1-540x720.webp 540w, https:\/\/carlyleconstruction.ca\/wp-content\/uploads\/2024\/03\/Opening-1-225x300.webp 225w, https:\/\/carlyleconstruction.ca\/wp-content\/uploads\/2024\/03\/Opening-1-768x1023.webp 768w, https:\/\/carlyleconstruction.ca\/wp-content\/uploads\/2024\/03\/Opening-1-600x800.webp 600w, https:\/\/carlyleconstruction.ca\/wp-content\/uploads\/2024\/03\/Opening-1.webp 800w\" sizes=\"(max-width: 540px) 100vw, 540px\" \/>\t\t\t\t\t\t\t\t\t\t\t\t\t\t\t<\/div>\n\t\t\t\t<\/div>\n\t\t\t\t\t<\/div>\n\t\t<\/div>\n\t\t\t\t<div class=\"elementor-column elementor-col-33 elementor-top-column elementor-element elementor-element-3bdb5a7\" data-id=\"3bdb5a7\" data-element_type=\"column\" data-e-type=\"column\">\n\t\t\t<div class=\"elementor-widget-wrap elementor-element-populated\">\n\t\t\t\t\t\t<div class=\"elementor-element elementor-element-6f2b2ff elementor-widget elementor-widget-image\" data-id=\"6f2b2ff\" data-element_type=\"widget\" data-e-type=\"widget\" data-widget_type=\"image.default\">\n\t\t\t\t<div class=\"elementor-widget-container\">\n\t\t\t\t\t\t\t\t\t\t\t\t\t\t\t<img loading=\"lazy\" decoding=\"async\" width=\"719\" height=\"720\" src=\"https:\/\/carlyleconstruction.ca\/wp-content\/uploads\/2024\/03\/Opening-2-719x720.webp\" class=\"attachment-large size-large wp-image-3082\" alt=\"\" srcset=\"https:\/\/carlyleconstruction.ca\/wp-content\/uploads\/2024\/03\/Opening-2-719x720.webp 719w, https:\/\/carlyleconstruction.ca\/wp-content\/uploads\/2024\/03\/Opening-2-300x300.webp 300w, https:\/\/carlyleconstruction.ca\/wp-content\/uploads\/2024\/03\/Opening-2-150x150.webp 150w, https:\/\/carlyleconstruction.ca\/wp-content\/uploads\/2024\/03\/Opening-2-768x769.webp 768w, https:\/\/carlyleconstruction.ca\/wp-content\/uploads\/2024\/03\/Opening-2-230x230.webp 230w, https:\/\/carlyleconstruction.ca\/wp-content\/uploads\/2024\/03\/Opening-2-400x400.webp 400w, https:\/\/carlyleconstruction.ca\/wp-content\/uploads\/2024\/03\/Opening-2-600x601.webp 600w, https:\/\/carlyleconstruction.ca\/wp-content\/uploads\/2024\/03\/Opening-2-640x640.webp 640w, https:\/\/carlyleconstruction.ca\/wp-content\/uploads\/2024\/03\/Opening-2.webp 800w\" sizes=\"(max-width: 719px) 100vw, 719px\" \/>\t\t\t\t\t\t\t\t\t\t\t\t\t\t\t<\/div>\n\t\t\t\t<\/div>\n\t\t\t\t\t<\/div>\n\t\t<\/div>\n\t\t\t\t\t<\/div>\n\t\t<\/section>\n\t\t\t\t<section class=\"elementor-section elementor-top-section elementor-element elementor-element-99071a2 elementor-section-full_width elementor-section-height-default elementor-section-height-default\" data-id=\"99071a2\" data-element_type=\"section\" data-e-type=\"section\">\n\t\t\t\t\t\t<div class=\"elementor-container elementor-column-gap-default\">\n\t\t\t\t\t<div class=\"elementor-column elementor-col-100 elementor-top-column elementor-element elementor-element-ffd5b0d\" data-id=\"ffd5b0d\" data-element_type=\"column\" data-e-type=\"column\">\n\t\t\t<div class=\"elementor-widget-wrap elementor-element-populated\">\n\t\t\t\t\t\t<div class=\"elementor-element elementor-element-fe1c12b elementor-widget elementor-widget-heading\" data-id=\"fe1c12b\" data-element_type=\"widget\" data-e-type=\"widget\" data-widget_type=\"heading.default\">\n\t\t\t\t<div class=\"elementor-widget-container\">\n\t\t\t\t\t<h3 class=\"elementor-heading-title elementor-size-default\">Pourquoi choisir Carlyle Construction<\/h3>\t\t\t\t<\/div>\n\t\t\t\t<\/div>\n\t\t\t\t<div class=\"elementor-element elementor-element-444390d elementor-widget elementor-widget-text-editor\" data-id=\"444390d\" data-element_type=\"widget\" data-e-type=\"widget\" data-widget_type=\"text-editor.default\">\n\t\t\t\t<div class=\"elementor-widget-container\">\n\t\t\t\t\t\t\t\t\t<p><span style=\"font-family: var( --e-global-typography-text-font-family ), Sans-serif; font-weight: var( --e-global-typography-text-font-weight ); letter-spacing: 0px;\">Chez Carlyle Construction, nous avons beaucoup d\u2019exp\u00e9rience. Nous pouvons d\u00e9tecter les probl\u00e8mes potentiels avant qu\u2019ils ne deviennent de gros probl\u00e8mes et conna\u00eetre les meilleurs moyens d\u2019atteindre ce que vous souhaitez. Nos connaissances et notre exp\u00e9rience garantissent que votre projet est r\u00e9alis\u00e9 de mani\u00e8re efficace et selon des normes \u00e9lev\u00e9es.<\/span><\/p><p><span style=\"font-family: var( --e-global-typography-text-font-family ), Sans-serif; font-weight: var( --e-global-typography-text-font-weight ); font-size: 18px; letter-spacing: 0px;\">De plus, nos clients nous choisissent parce que nous garantissons notre travail. Nous<\/span><span style=\"font-weight: var( --e-global-typography-text-font-weight ); letter-spacing: 0px; color: #0d0d0d; font-family: S\u00f6hne, ui-sans-serif, system-ui, -apple-system, 'Segoe UI', Roboto, Ubuntu, Cantarell, 'Noto Sans', sans-serif, 'Helvetica Neue', Arial, 'Apple Color Emoji', 'Segoe UI Emoji', 'Segoe UI Symbol', 'Noto Color Emoji'; font-size: 16px; white-space-collapse: preserve;\">vous offre la tranquillit\u00e9 d'esprit que tous les probl\u00e8mes li\u00e9s au projet peuvent \u00eatre r\u00e9solus sans frais suppl\u00e9mentaires. Ils souscrivent \u00e9galement une assurance qui vous prot\u00e8ge de toute responsabilit\u00e9 en cas d'accidents ou de dommages \u00e0 votre propri\u00e9t\u00e9 lors de la r\u00e9novation.<\/span><\/p><p>En bref, travailler avec Carlyle Construction pour une ouverture structurelle est une d\u00e9cision judicieuse. Nous garantissons que votre projet est s\u00fbr, conforme au code et bien r\u00e9alis\u00e9. De plus, nous pouvons vous faire gagner du temps, assurer votre s\u00e9curit\u00e9 et vous offrir une tranquillit\u00e9 d'esprit gr\u00e2ce \u00e0 leurs garanties et assurances. C\u2019est la meilleure fa\u00e7on d\u2019ouvrir l\u2019espace dans votre maison sans stress.<\/p><p>\u00a0<\/p><p>Assurez-vous de <a href=\"https:\/\/carlyleconstruction.ca\/contact-us\/\">Contactez-nous<\/a> pour une consultation.<\/p>\t\t\t\t\t\t\t\t<\/div>\n\t\t\t\t<\/div>\n\t\t\t\t\t<\/div>\n\t\t<\/div>\n\t\t\t\t\t<\/div>\n\t\t<\/section>\n\t\t\t\t<\/div>","protected":false},"excerpt":{"rendered":"<p>Structural Opening The open-concept trend in home design is hugely popular for many great reasons. It changes how we use and enjoy our homes. Opening up your living space by removing walls is not only a smart move but it can also increase your home&#8217;s value. Taking down walls creates a feeling of more room [&hellip;]<\/p>\n","protected":false},"author":1,"featured_media":0,"parent":0,"menu_order":0,"comment_status":"closed","ping_status":"closed","template":"elementor_header_footer","meta":{"footnotes":""},"class_list":["post-3073","page","type-page","status-publish","hentry"],"aioseo_notices":[],"_links":{"self":[{"href":"https:\/\/carlyleconstruction.ca\/fr\/wp-json\/wp\/v2\/pages\/3073","targetHints":{"allow":["GET"]}}],"collection":[{"href":"https:\/\/carlyleconstruction.ca\/fr\/wp-json\/wp\/v2\/pages"}],"about":[{"href":"https:\/\/carlyleconstruction.ca\/fr\/wp-json\/wp\/v2\/types\/page"}],"author":[{"embeddable":true,"href":"https:\/\/carlyleconstruction.ca\/fr\/wp-json\/wp\/v2\/users\/1"}],"replies":[{"embeddable":true,"href":"https:\/\/carlyleconstruction.ca\/fr\/wp-json\/wp\/v2\/comments?post=3073"}],"version-history":[{"count":5,"href":"https:\/\/carlyleconstruction.ca\/fr\/wp-json\/wp\/v2\/pages\/3073\/revisions"}],"predecessor-version":[{"id":3383,"href":"https:\/\/carlyleconstruction.ca\/fr\/wp-json\/wp\/v2\/pages\/3073\/revisions\/3383"}],"wp:attachment":[{"href":"https:\/\/carlyleconstruction.ca\/fr\/wp-json\/wp\/v2\/media?parent=3073"}],"curies":[{"name":"wp","href":"https:\/\/api.w.org\/{rel}","templated":true}]}}