{"id":415,"date":"2017-10-21T11:59:48","date_gmt":"2017-10-21T16:59:48","guid":{"rendered":"http:\/\/localhost\/Carlyle\/?page_id=415"},"modified":"2024-03-19T13:29:39","modified_gmt":"2024-03-19T18:29:39","slug":"prestations-de-service","status":"publish","type":"page","link":"https:\/\/carlyleconstruction.ca\/fr\/services\/","title":{"rendered":"Services"},"content":{"rendered":"<div data-elementor-type=\"wp-page\" data-elementor-id=\"415\" class=\"elementor elementor-415\" data-elementor-post-type=\"page\">\n\t\t\t\t\t\t<section class=\"elementor-section elementor-top-section elementor-element elementor-element-308979b elementor-section-full_width elementor-section-height-default elementor-section-height-default\" data-id=\"308979b\" data-element_type=\"section\" data-e-type=\"section\">\n\t\t\t\t\t\t<div class=\"elementor-container elementor-column-gap-default\">\n\t\t\t\t\t<div class=\"elementor-column elementor-col-100 elementor-top-column elementor-element elementor-element-82d0690\" data-id=\"82d0690\" data-element_type=\"column\" data-e-type=\"column\">\n\t\t\t<div class=\"elementor-widget-wrap elementor-element-populated\">\n\t\t\t\t\t\t<div class=\"elementor-element elementor-element-55fa68e elementor-widget elementor-widget-heading\" data-id=\"55fa68e\" data-element_type=\"widget\" data-e-type=\"widget\" data-widget_type=\"heading.default\">\n\t\t\t\t<div class=\"elementor-widget-container\">\n\t\t\t\t\t<h2 class=\"elementor-heading-title elementor-size-default\">Par \u00ab cl\u00e9s en main \u00bb, nous voulons vraiment dire \u00ab cl\u00e9s en main \u00bb<\/h2>\t\t\t\t<\/div>\n\t\t\t\t<\/div>\n\t\t\t\t<div class=\"elementor-element elementor-element-00bb296 elementor-widget elementor-widget-text-editor\" data-id=\"00bb296\" data-element_type=\"widget\" data-e-type=\"widget\" data-widget_type=\"text-editor.default\">\n\t\t\t\t<div class=\"elementor-widget-container\">\n\t\t\t\t\t\t\t\t\t<p>Nous offrons des services <a href=\"https:\/\/en.wikipedia.org\/wiki\/Turnkey\" target=\"_blank\" rel=\"noopener noreferrer nofollow\">cl\u00e9 en main<\/a> . D\u00e8s les premi\u00e8res \u00e9tapes de votre projet, quelle que soit sa taille ou sa nature, nous effectuons une analyse financi\u00e8re approfondie pour vous aider \u00e0 \u00e9tablir le budget appropri\u00e9 qui vous permettra d'optimiser la valeur de votre propri\u00e9t\u00e9. Nous vous guidons \u00e9galement dans les d\u00e9marches d'obtention de cr\u00e9dit afin de concr\u00e9tiser votre projet.<\/p><p>Carlyle Construction met \u00e0 votre service son \u00e9quipe de professionnels dynamiques poss\u00e9dant des expertises diff\u00e9rentes et provenant de tous les horizons. En combinant l'efficacit\u00e9 en architecture et en gestion de projet avec son mod\u00e8le d'\u00e9valuation financi\u00e8re immobili\u00e8re, Carlyle s'assure que vous prenez les bonnes d\u00e9cisions.<\/p><p>Pour plus d'informations, <a href=\"https:\/\/carlyleconstruction.ca\/contact-us\/\">Contactez-nous<\/a>.<\/p>\t\t\t\t\t\t\t\t<\/div>\n\t\t\t\t<\/div>\n\t\t\t\t\t<\/div>\n\t\t<\/div>\n\t\t\t\t\t<\/div>\n\t\t<\/section>\n\t\t\t\t<section class=\"elementor-section elementor-top-section elementor-element elementor-element-c852fcb elementor-section-full_width elementor-section-height-default elementor-section-height-default\" data-id=\"c852fcb\" data-element_type=\"section\" data-e-type=\"section\">\n\t\t\t\t\t\t<div class=\"elementor-container elementor-column-gap-narrow\">\n\t\t\t\t\t<div class=\"elementor-column elementor-col-33 elementor-top-column elementor-element elementor-element-7938a38\" data-id=\"7938a38\" data-element_type=\"column\" data-e-type=\"column\">\n\t\t\t<div class=\"elementor-widget-wrap elementor-element-populated\">\n\t\t\t\t\t\t<div class=\"elementor-element elementor-element-8ea0dc7 elementor-widget elementor-widget-heading\" data-id=\"8ea0dc7\" data-element_type=\"widget\" data-e-type=\"widget\" data-widget_type=\"heading.default\">\n\t\t\t\t<div class=\"elementor-widget-container\">\n\t\t\t\t\t<h2 class=\"elementor-heading-title elementor-size-default\">CUISINE<\/h2>\t\t\t\t<\/div>\n\t\t\t\t<\/div>\n\t\t\t\t<div class=\"elementor-element elementor-element-2d39afb elementor-widget elementor-widget-image\" data-id=\"2d39afb\" data-element_type=\"widget\" data-e-type=\"widget\" data-widget_type=\"image.default\">\n\t\t\t\t<div class=\"elementor-widget-container\">\n\t\t\t\t\t\t\t\t\t\t\t\t\t\t\t\t<a href=\"https:\/\/www.carlyleconstruction.ca\/kitchen-renovation\/\" target=\"_blank\" rel=\"noopener noreferrer nofollow\">\n\t\t\t\t\t\t\t<img fetchpriority=\"high\" decoding=\"async\" src=\"https:\/\/carlyleconstruction.ca\/wp-content\/uploads\/2021\/01\/Upperlansdowne-Kitchen-2.1-1024x683.jpg\" height=\"534\" width=\"800\" srcset=\"https:\/\/carlyleconstruction.ca\/wp-content\/uploads\/2021\/01\/Upperlansdowne-Kitchen-2.1-1024x683.jpg 1024w, https:\/\/carlyleconstruction.ca\/wp-content\/uploads\/2021\/01\/Upperlansdowne-Kitchen-2.1-300x200.jpg 300w, https:\/\/carlyleconstruction.ca\/wp-content\/uploads\/2021\/01\/Upperlansdowne-Kitchen-2.1-768x512.jpg 768w, https:\/\/carlyleconstruction.ca\/wp-content\/uploads\/2021\/01\/Upperlansdowne-Kitchen-2.1-600x400.jpg 600w, https:\/\/carlyleconstruction.ca\/wp-content\/uploads\/2021\/01\/Upperlansdowne-Kitchen-2.1.jpg 1200w\" sizes=\"(max-width: 800px) 100vw, 800px\" class=\"attachment-large size-large wp-image-1966 sp-no-webp\" alt=\"cuisine haut de gamme. Cuisine de haute gamme\"> \t\t\t\t\t\t\t\t<\/a>\n\t\t\t\t\t\t\t\t\t\t\t\t\t\t\t<\/div>\n\t\t\t\t<\/div>\n\t\t\t\t\t<\/div>\n\t\t<\/div>\n\t\t\t\t<div class=\"elementor-column elementor-col-33 elementor-top-column elementor-element elementor-element-dc07a4f\" data-id=\"dc07a4f\" data-element_type=\"column\" data-e-type=\"column\">\n\t\t\t<div class=\"elementor-widget-wrap elementor-element-populated\">\n\t\t\t\t\t\t<div class=\"elementor-element elementor-element-aae4d2b elementor-widget elementor-widget-heading\" data-id=\"aae4d2b\" data-element_type=\"widget\" data-e-type=\"widget\" data-widget_type=\"heading.default\">\n\t\t\t\t<div class=\"elementor-widget-container\">\n\t\t\t\t\t<h2 class=\"elementor-heading-title elementor-size-default\">SALLE DE BAIN<\/h2>\t\t\t\t<\/div>\n\t\t\t\t<\/div>\n\t\t\t\t<div class=\"elementor-element elementor-element-754e740 elementor-widget elementor-widget-image\" data-id=\"754e740\" data-element_type=\"widget\" data-e-type=\"widget\" data-widget_type=\"image.default\">\n\t\t\t\t<div class=\"elementor-widget-container\">\n\t\t\t\t\t\t\t\t\t\t\t\t\t\t\t\t<a href=\"https:\/\/www.carlyleconstruction.ca\/bathroom-renovation\/\" target=\"_blank\" rel=\"noopener noreferrer nofollow\">\n\t\t\t\t\t\t\t<img decoding=\"async\" src=\"https:\/\/carlyleconstruction.ca\/wp-content\/uploads\/2021\/02\/Bathroom-Modern-3.1-1024x683.jpg\" height=\"534\" width=\"800\" srcset=\"https:\/\/carlyleconstruction.ca\/wp-content\/uploads\/2021\/02\/Bathroom-Modern-3.1-1024x683.jpg 1024w, https:\/\/carlyleconstruction.ca\/wp-content\/uploads\/2021\/02\/Bathroom-Modern-3.1-300x200.jpg 300w, https:\/\/carlyleconstruction.ca\/wp-content\/uploads\/2021\/02\/Bathroom-Modern-3.1-768x512.jpg 768w, https:\/\/carlyleconstruction.ca\/wp-content\/uploads\/2021\/02\/Bathroom-Modern-3.1-600x400.jpg 600w, https:\/\/carlyleconstruction.ca\/wp-content\/uploads\/2021\/02\/Bathroom-Modern-3.1-150x100.jpg 150w, https:\/\/carlyleconstruction.ca\/wp-content\/uploads\/2021\/02\/Bathroom-Modern-3.1.jpg 1200w\" sizes=\"(max-width: 800px) 100vw, 800px\" class=\"attachment-large size-large wp-image-2540 sp-no-webp\" alt=\"Bathroom renovation, Renovation salle de bain\"> \t\t\t\t\t\t\t\t<\/a>\n\t\t\t\t\t\t\t\t\t\t\t\t\t\t\t<\/div>\n\t\t\t\t<\/div>\n\t\t\t\t\t<\/div>\n\t\t<\/div>\n\t\t\t\t<div class=\"elementor-column elementor-col-33 elementor-top-column elementor-element elementor-element-182e018\" data-id=\"182e018\" data-element_type=\"column\" data-e-type=\"column\">\n\t\t\t<div class=\"elementor-widget-wrap elementor-element-populated\">\n\t\t\t\t\t\t<div class=\"elementor-element elementor-element-d41dbd7 elementor-widget elementor-widget-heading\" data-id=\"d41dbd7\" data-element_type=\"widget\" data-e-type=\"widget\" data-widget_type=\"heading.default\">\n\t\t\t\t<div class=\"elementor-widget-container\">\n\t\t\t\t\t<h2 class=\"elementor-heading-title elementor-size-default\">EXTENSION<\/h2>\t\t\t\t<\/div>\n\t\t\t\t<\/div>\n\t\t\t\t<div class=\"elementor-element elementor-element-0d34ef8 elementor-widget elementor-widget-image\" data-id=\"0d34ef8\" data-element_type=\"widget\" data-e-type=\"widget\" data-widget_type=\"image.default\">\n\t\t\t\t<div class=\"elementor-widget-container\">\n\t\t\t\t\t\t\t\t\t\t\t\t\t\t\t\t<a href=\"https:\/\/www.carlyleconstruction.ca\/home-addition\/\" target=\"_blank\" rel=\"noopener noreferrer nofollow\">\n\t\t\t\t\t\t\t<img decoding=\"async\" src=\"https:\/\/carlyleconstruction.ca\/wp-content\/uploads\/2021\/01\/Addition-Extension-1.1-1024x683.jpg\" height=\"534\" width=\"800\" srcset=\"https:\/\/carlyleconstruction.ca\/wp-content\/uploads\/2021\/01\/Addition-Extension-1.1-1024x683.jpg 1024w, https:\/\/carlyleconstruction.ca\/wp-content\/uploads\/2021\/01\/Addition-Extension-1.1-300x200.jpg 300w, https:\/\/carlyleconstruction.ca\/wp-content\/uploads\/2021\/01\/Addition-Extension-1.1-768x512.jpg 768w, https:\/\/carlyleconstruction.ca\/wp-content\/uploads\/2021\/01\/Addition-Extension-1.1-600x400.jpg 600w, https:\/\/carlyleconstruction.ca\/wp-content\/uploads\/2021\/01\/Addition-Extension-1.1.jpg 1200w\" sizes=\"(max-width: 800px) 100vw, 800px\" class=\"attachment-large size-large wp-image-1972 sp-no-webp\" alt=\"home addition home extension \/ ajout de la maison\"> \t\t\t\t\t\t\t\t<\/a>\n\t\t\t\t\t\t\t\t\t\t\t\t\t\t\t<\/div>\n\t\t\t\t<\/div>\n\t\t\t\t\t<\/div>\n\t\t<\/div>\n\t\t\t\t\t<\/div>\n\t\t<\/section>\n\t\t\t\t<section class=\"elementor-section elementor-top-section elementor-element elementor-element-cd4c857 elementor-section-full_width elementor-section-height-default elementor-section-height-default\" data-id=\"cd4c857\" data-element_type=\"section\" data-e-type=\"section\">\n\t\t\t\t\t\t<div class=\"elementor-container elementor-column-gap-narrow\">\n\t\t\t\t\t<div class=\"elementor-column elementor-col-33 elementor-top-column elementor-element elementor-element-758dcd8\" data-id=\"758dcd8\" data-element_type=\"column\" data-e-type=\"column\">\n\t\t\t<div class=\"elementor-widget-wrap elementor-element-populated\">\n\t\t\t\t\t\t<div class=\"elementor-element elementor-element-bd2c0c0 elementor-widget elementor-widget-heading\" data-id=\"bd2c0c0\" data-element_type=\"widget\" data-e-type=\"widget\" data-widget_type=\"heading.default\">\n\t\t\t\t<div class=\"elementor-widget-container\">\n\t\t\t\t\t<h2 class=\"elementor-heading-title elementor-size-default\">SOUS-SOL<\/h2>\t\t\t\t<\/div>\n\t\t\t\t<\/div>\n\t\t\t\t<div class=\"elementor-element elementor-element-9a6fa2a elementor-widget elementor-widget-image\" data-id=\"9a6fa2a\" data-element_type=\"widget\" data-e-type=\"widget\" data-widget_type=\"image.default\">\n\t\t\t\t<div class=\"elementor-widget-container\">\n\t\t\t\t\t\t\t\t\t\t\t\t\t\t\t\t<a href=\"https:\/\/www.carlyleconstruction.ca\/basement-renovation\/\" target=\"_blank\" rel=\"noopener noreferrer nofollow\">\n\t\t\t\t\t\t\t<img loading=\"lazy\" decoding=\"async\" src=\"https:\/\/carlyleconstruction.ca\/wp-content\/uploads\/2021\/01\/Basement-Living-1.1-1024x683.jpg\" height=\"534\" width=\"800\" srcset=\"https:\/\/carlyleconstruction.ca\/wp-content\/uploads\/2021\/01\/Basement-Living-1.1-1024x683.jpg 1024w, https:\/\/carlyleconstruction.ca\/wp-content\/uploads\/2021\/01\/Basement-Living-1.1-300x200.jpg 300w, https:\/\/carlyleconstruction.ca\/wp-content\/uploads\/2021\/01\/Basement-Living-1.1-768x512.jpg 768w, https:\/\/carlyleconstruction.ca\/wp-content\/uploads\/2021\/01\/Basement-Living-1.1-600x400.jpg 600w, https:\/\/carlyleconstruction.ca\/wp-content\/uploads\/2021\/01\/Basement-Living-1.1.jpg 1200w\" sizes=\"(max-width: 800px) 100vw, 800px\" class=\"attachment-large size-large wp-image-1973 sp-no-webp\" alt=\"basement renovation finished, r\u00e9novation de sous-sol\"> \t\t\t\t\t\t\t\t<\/a>\n\t\t\t\t\t\t\t\t\t\t\t\t\t\t\t<\/div>\n\t\t\t\t<\/div>\n\t\t\t\t\t<\/div>\n\t\t<\/div>\n\t\t\t\t<div class=\"elementor-column elementor-col-33 elementor-top-column elementor-element elementor-element-53de5ce\" data-id=\"53de5ce\" data-element_type=\"column\" data-e-type=\"column\">\n\t\t\t<div class=\"elementor-widget-wrap elementor-element-populated\">\n\t\t\t\t\t\t<div class=\"elementor-element elementor-element-1d5e97a elementor-widget elementor-widget-heading\" data-id=\"1d5e97a\" data-element_type=\"widget\" data-e-type=\"widget\" data-widget_type=\"heading.default\">\n\t\t\t\t<div class=\"elementor-widget-container\">\n\t\t\t\t\t<h2 class=\"elementor-heading-title elementor-size-default\">PAYSAGER<\/h2>\t\t\t\t<\/div>\n\t\t\t\t<\/div>\n\t\t\t\t<div class=\"elementor-element elementor-element-bbcd13e elementor-widget elementor-widget-image\" data-id=\"bbcd13e\" data-element_type=\"widget\" data-e-type=\"widget\" data-widget_type=\"image.default\">\n\t\t\t\t<div class=\"elementor-widget-container\">\n\t\t\t\t\t\t\t\t\t\t\t\t\t\t\t\t<a href=\"https:\/\/www.carlyleconstruction.ca\/re-vive-landscaping\/\" target=\"_blank\" rel=\"noopener noreferrer nofollow\">\n\t\t\t\t\t\t\t<img loading=\"lazy\" decoding=\"async\" width=\"800\" height=\"534\" src=\"https:\/\/carlyleconstruction.ca\/wp-content\/uploads\/2021\/01\/Landscape-Garden-1.1-1024x683.jpg\" class=\"attachment-large size-large wp-image-1974\" alt=\"am\u00e9nagement jardin et fleurs\" srcset=\"https:\/\/carlyleconstruction.ca\/wp-content\/uploads\/2021\/01\/Landscape-Garden-1.1-1024x683.jpg 1024w, https:\/\/carlyleconstruction.ca\/wp-content\/uploads\/2021\/01\/Landscape-Garden-1.1-300x200.jpg 300w, https:\/\/carlyleconstruction.ca\/wp-content\/uploads\/2021\/01\/Landscape-Garden-1.1-768x512.jpg 768w, https:\/\/carlyleconstruction.ca\/wp-content\/uploads\/2021\/01\/Landscape-Garden-1.1-600x400.jpg 600w, https:\/\/carlyleconstruction.ca\/wp-content\/uploads\/2021\/01\/Landscape-Garden-1.1.jpg 1200w\" sizes=\"(max-width: 800px) 100vw, 800px\" \/>\t\t\t\t\t\t\t\t<\/a>\n\t\t\t\t\t\t\t\t\t\t\t\t\t\t\t<\/div>\n\t\t\t\t<\/div>\n\t\t\t\t\t<\/div>\n\t\t<\/div>\n\t\t\t\t<div class=\"elementor-column elementor-col-33 elementor-top-column elementor-element elementor-element-2817eef\" data-id=\"2817eef\" data-element_type=\"column\" data-e-type=\"column\">\n\t\t\t<div class=\"elementor-widget-wrap elementor-element-populated\">\n\t\t\t\t\t\t<div class=\"elementor-element elementor-element-c4d0925 elementor-widget elementor-widget-heading\" data-id=\"c4d0925\" data-element_type=\"widget\" data-e-type=\"widget\" data-widget_type=\"heading.default\">\n\t\t\t\t<div class=\"elementor-widget-container\">\n\t\t\t\t\t<h2 class=\"elementor-heading-title elementor-size-default\">OUVERTURE<\/h2>\t\t\t\t<\/div>\n\t\t\t\t<\/div>\n\t\t\t\t<div class=\"elementor-element elementor-element-6927a50 elementor-widget elementor-widget-image\" data-id=\"6927a50\" data-element_type=\"widget\" data-e-type=\"widget\" data-widget_type=\"image.default\">\n\t\t\t\t<div class=\"elementor-widget-container\">\n\t\t\t\t\t\t\t\t\t\t\t\t\t\t\t\t<a href=\"https:\/\/carlyleconstruction.ca\/structural-opening\/\">\n\t\t\t\t\t\t\t<img loading=\"lazy\" decoding=\"async\" src=\"https:\/\/carlyleconstruction.ca\/wp-content\/uploads\/2024\/03\/Opening-X-1024x683.webp\" height=\"534\" width=\"800\" srcset=\"https:\/\/carlyleconstruction.ca\/wp-content\/uploads\/2024\/03\/Opening-X-1024x683.webp 1024w, https:\/\/carlyleconstruction.ca\/wp-content\/uploads\/2024\/03\/Opening-X-300x200.webp 300w, https:\/\/carlyleconstruction.ca\/wp-content\/uploads\/2024\/03\/Opening-X-768x512.webp 768w, https:\/\/carlyleconstruction.ca\/wp-content\/uploads\/2024\/03\/Opening-X-600x400.webp 600w, https:\/\/carlyleconstruction.ca\/wp-content\/uploads\/2024\/03\/Opening-X.webp 1200w\" sizes=\"(max-width: 800px) 100vw, 800px\" class=\"attachment-large size-large wp-image-3123 sp-no-webp\" alt=\"Ouverture structurelle\"> \t\t\t\t\t\t\t\t<\/a>\n\t\t\t\t\t\t\t\t\t\t\t\t\t\t\t<\/div>\n\t\t\t\t<\/div>\n\t\t\t\t\t<\/div>\n\t\t<\/div>\n\t\t\t\t\t<\/div>\n\t\t<\/section>\n\t\t\t\t<\/div>","protected":false},"excerpt":{"rendered":"<p>By turnkey service we really mean turnkey We offer turnkey services. From the earliest stages of your project, regardless of its size or nature, we perform in-depth financial analysis to help you establish the appropriate budget that will allow you to optimize the value of your property. We also guide you in the process of [&hellip;]<\/p>\n","protected":false},"author":1,"featured_media":0,"parent":0,"menu_order":0,"comment_status":"closed","ping_status":"closed","template":"elementor_header_footer","meta":{"footnotes":""},"class_list":["post-415","page","type-page","status-publish","hentry"],"aioseo_notices":[],"ase":null,"_links":{"self":[{"href":"https:\/\/carlyleconstruction.ca\/fr\/wp-json\/wp\/v2\/pages\/415","targetHints":{"allow":["GET"]}}],"collection":[{"href":"https:\/\/carlyleconstruction.ca\/fr\/wp-json\/wp\/v2\/pages"}],"about":[{"href":"https:\/\/carlyleconstruction.ca\/fr\/wp-json\/wp\/v2\/types\/page"}],"author":[{"embeddable":true,"href":"https:\/\/carlyleconstruction.ca\/fr\/wp-json\/wp\/v2\/users\/1"}],"replies":[{"embeddable":true,"href":"https:\/\/carlyleconstruction.ca\/fr\/wp-json\/wp\/v2\/comments?post=415"}],"version-history":[{"count":5,"href":"https:\/\/carlyleconstruction.ca\/fr\/wp-json\/wp\/v2\/pages\/415\/revisions"}],"predecessor-version":[{"id":3281,"href":"https:\/\/carlyleconstruction.ca\/fr\/wp-json\/wp\/v2\/pages\/415\/revisions\/3281"}],"wp:attachment":[{"href":"https:\/\/carlyleconstruction.ca\/fr\/wp-json\/wp\/v2\/media?parent=415"}],"curies":[{"name":"wp","href":"https:\/\/api.w.org\/{rel}","templated":true}]}}